{"id":7727,"date":"2024-11-22T14:23:55","date_gmt":"2024-11-22T14:23:55","guid":{"rendered":"https:\/\/magdalenagalecka.com\/?post_type=product&#038;p=7727"},"modified":"2025-09-10T16:45:20","modified_gmt":"2025-09-10T16:45:20","slug":"pelnia-czucia","status":"publish","type":"product","link":"https:\/\/magdalenagalecka.com\/pl\/pelnia-czucia\/","title":{"rendered":"Pe\u0142nia Czucia"},"content":{"rendered":"<p>Obraz \u201e<strong>Pe\u0142nia Czucia<\/strong>\u201d emanuje harmoni\u0105 barw, kt\u00f3re symbolizuj\u0105 r\u00f3\u017cnorodne emocje. Ka\u017cdy kolor niesie ze sob\u0105 inn\u0105 emocj\u0119 \u2013 od spokoju i rado\u015bci, przez nostalgi\u0119, a\u017c po niepewno\u015b\u0107 i smutek. Kompozycja obrazu przypomina o tym, jak wa\u017cne jest przyjmowanie i akceptowanie wszystkich emocji, kt\u00f3re do nas przychodz\u0105.<\/p>\n<p>\u201ePe\u0142nia Czucia\u201d opowiada o odczuwaniu pe\u0142ni istnienia poprzez pozwolenie sobie na prze\u017cywanie zar\u00f3wno tych jasnych, jak i ciemniejszych chwil. Dzi\u0119ki akceptacji ca\u0142ego spektrum emocji stajemy si\u0119 pe\u0142ni \u2013 \u015bwiadomi, \u017ce ka\u017cda emocja ma swoje miejsce i znaczenie. Obraz przypomina, \u017ce prawdziwa harmonia w \u017cyciu pochodzi z r\u00f3wnowagi mi\u0119dzy tym, co radosne, a tym, co trudniejsze.<\/p>","protected":false},"excerpt":{"rendered":"<div class=\"flex max-w-full flex-col flex-grow\">\n<div class=\"min-h-8 text-message flex w-full flex-col items-end gap-2 whitespace-normal break-words [.text-message+&amp;]:mt-5\" dir=\"auto\" data-message-author-role=\"assistant\" data-message-id=\"2e0790e5-3a7c-4a1a-8662-5ab0a1dd9c34\" data-message-model-slug=\"gpt-4o\">\n<div class=\"flex w-full flex-col gap-1 empty:hidden first:pt-[3px]\">\n<div class=\"markdown prose w-full break-words dark:prose-invert dark\">\n<p><strong>Pe\u0142nia Czucia<\/strong> to harmonia barw symbolizuj\u0105cych r\u00f3\u017cnorodne emocje \u2013 od spokoju po smutek. Obraz przypomina o znaczeniu akceptacji pe\u0142nego spektrum uczu\u0107 jako drogi do odczuwania pe\u0142ni istnienia. Podkre\u015bla, \u017ce prawdziwa harmonia wynika z r\u00f3wnowagi mi\u0119dzy rado\u015bci\u0105 a trudno\u015bciami, inspiruj\u0105c do przyjmowania ka\u017cdej emocji z otwarto\u015bci\u0105.<\/p>\n<\/div>\n<\/div>\n<\/div>\n<\/div>\n","protected":false},"featured_media":16387,"comment_status":"open","ping_status":"closed","template":"","meta":{"_acf_changed":false},"product_brand":[],"product_cat":[157,298,312],"product_tag":[],"class_list":{"0":"post-7727","1":"product","2":"type-product","3":"status-publish","4":"has-post-thumbnail","6":"product_cat-butik","7":"product_cat-oryginalny","8":"product_cat-wydruki","9":"pa_painting-size-100x80","10":"pa_painting-size-50x40","11":"pa_painting-type-oryginalny","12":"pa_painting-type-wydruk-na-papierze","13":"pa_painting-type-wydruk-na-plotnie","15":"first","16":"instock","17":"taxable","18":"shipping-taxable","19":"purchasable","20":"product-type-variable","21":"has-default-attributes"},"acf":[],"_links":{"self":[{"href":"https:\/\/magdalenagalecka.com\/pl\/wp-json\/wp\/v2\/product\/7727","targetHints":{"allow":["GET"]}}],"collection":[{"href":"https:\/\/magdalenagalecka.com\/pl\/wp-json\/wp\/v2\/product"}],"about":[{"href":"https:\/\/magdalenagalecka.com\/pl\/wp-json\/wp\/v2\/types\/product"}],"replies":[{"embeddable":true,"href":"https:\/\/magdalenagalecka.com\/pl\/wp-json\/wp\/v2\/comments?post=7727"}],"version-history":[{"count":1,"href":"https:\/\/magdalenagalecka.com\/pl\/wp-json\/wp\/v2\/product\/7727\/revisions"}],"predecessor-version":[{"id":17370,"href":"https:\/\/magdalenagalecka.com\/pl\/wp-json\/wp\/v2\/product\/7727\/revisions\/17370"}],"wp:featuredmedia":[{"embeddable":true,"href":"https:\/\/magdalenagalecka.com\/pl\/wp-json\/wp\/v2\/media\/16387"}],"wp:attachment":[{"href":"https:\/\/magdalenagalecka.com\/pl\/wp-json\/wp\/v2\/media?parent=7727"}],"wp:term":[{"taxonomy":"product_brand","embeddable":true,"href":"https:\/\/magdalenagalecka.com\/pl\/wp-json\/wp\/v2\/product_brand?post=7727"},{"taxonomy":"product_cat","embeddable":true,"href":"https:\/\/magdalenagalecka.com\/pl\/wp-json\/wp\/v2\/product_cat?post=7727"},{"taxonomy":"product_tag","embeddable":true,"href":"https:\/\/magdalenagalecka.com\/pl\/wp-json\/wp\/v2\/product_tag?post=7727"}],"curies":[{"name":"wp","href":"https:\/\/api.w.org\/{rel}","templated":true}]}}