{"id":7721,"date":"2024-11-19T09:57:30","date_gmt":"2024-11-19T09:57:30","guid":{"rendered":"https:\/\/magdalenagalecka.com\/?post_type=product&#038;p=7721"},"modified":"2025-08-26T17:12:14","modified_gmt":"2025-08-26T17:12:14","slug":"nadzieja","status":"publish","type":"product","link":"https:\/\/magdalenagalecka.com\/pl\/nadzieja\/","title":{"rendered":"Nadzieja"},"content":{"rendered":"<p>Pastelowe r\u00f3\u017cowe i fioletowe odcienie, wsparte wyrazistymi akcentami pomara\u0144czy i zieleni, razem tworz\u0105 krajobraz emocji, kt\u00f3ry przyci\u0105ga oko i zaprasza serce do radosnego uniesienia. Ciep\u0142e barwy s\u0105 wizualizacj\u0105 marze\u0144 i aspiracji, zach\u0119caj\u0105 do wiary we w\u0142asne mo\u017cliwo\u015bci i do \u015bmia\u0142o\u015bci w d\u0105\u017ceniu do spe\u0142nienia.<\/p>\n<p>Tytu\u0142 \u201eHope\u201d jest odzwierciedleniem wiary autorki w moc pozytywnego my\u015blenia i nieust\u0119pliwo\u015bci. Obraz opowiada o potrzebie posiadania nadziei jako fundamentu dla odwagi i si\u0142y niezb\u0119dnej do pokonywania przeszk\u00f3d. To artystyczne wyznanie, \u017ce wiara w siebie i w swoje marzenia jest kluczem do przekszta\u0142cania marze\u0144 w rzeczywisto\u015b\u0107.<\/p>\n<p>\u201eHope\u201d jest zar\u00f3wno osobistym manifestem, jak i zaproszeniem dla innych do pod\u0105\u017cania \u015bcie\u017ck\u0105 samopoznania. To przypomnienie, \u017ce nawet najwi\u0119ksze wyzwania mo\u017cna przezwyci\u0119\u017cy\u0107 z odrobin\u0105 nadziei w sercu. Artystka zach\u0119ca nas, by\u015bmy ujawnili pe\u0142ni\u0119 naszego wewn\u0119trznego potencja\u0142u, przyjmuj\u0105c \u017cycie z rado\u015bci\u0105 i spokojem, niezale\u017cnie od niepewno\u015bci, jak\u0105 przynosi przysz\u0142o\u015b\u0107.<\/p>","protected":false},"excerpt":{"rendered":"<div class=\"flex max-w-full flex-col flex-grow\">\n<div class=\"min-h-8 text-message flex w-full flex-col items-end gap-2 whitespace-normal break-words [.text-message+&amp;]:mt-5\" dir=\"auto\" data-message-author-role=\"assistant\" data-message-id=\"2e0790e5-3a7c-4a1a-8662-5ab0a1dd9c34\" data-message-model-slug=\"gpt-4o\">\n<div class=\"flex w-full flex-col gap-1 empty:hidden first:pt-[3px]\">\n<div class=\"markdown prose w-full break-words dark:prose-invert dark\">\n<p>Pastelowe r\u00f3\u017ce i fiolety z akcentami pomara\u0144czy i zieleni tworz\u0105 radosny krajobraz emocji, odzwierciedlaj\u0105c marzenia i aspiracje. Tytu\u0142 \u201eHope\u201d symbolizuje wiar\u0119 w pozytywne my\u015blenie, odwag\u0119 i si\u0142\u0119 w pokonywaniu wyzwa\u0144. Obraz jest manifestem nadziei, przypominaj\u0105cym, \u017ce wiara w siebie pozwala przekszta\u0142ca\u0107 marzenia w rzeczywisto\u015b\u0107, inspiruj\u0105c do samopoznania i odkrywania pe\u0142ni swojego potencja\u0142u.<\/p>\n<\/div>\n<\/div>\n<\/div>\n<\/div>\n","protected":false},"featured_media":16395,"comment_status":"open","ping_status":"closed","template":"","meta":{"_acf_changed":false},"product_brand":[],"product_cat":[157,298,312],"product_tag":[],"class_list":{"0":"post-7721","1":"product","2":"type-product","3":"status-publish","4":"has-post-thumbnail","6":"product_cat-butik","7":"product_cat-oryginalny","8":"product_cat-wydruki","9":"pa_painting-size-100x70","10":"pa_painting-type-oryginalny","11":"pa_painting-type-wydruk-na-papierze","12":"pa_painting-type-wydruk-na-plotnie","14":"first","15":"instock","16":"taxable","17":"shipping-taxable","18":"purchasable","19":"product-type-variable","20":"has-default-attributes"},"acf":[],"_links":{"self":[{"href":"https:\/\/magdalenagalecka.com\/pl\/wp-json\/wp\/v2\/product\/7721","targetHints":{"allow":["GET"]}}],"collection":[{"href":"https:\/\/magdalenagalecka.com\/pl\/wp-json\/wp\/v2\/product"}],"about":[{"href":"https:\/\/magdalenagalecka.com\/pl\/wp-json\/wp\/v2\/types\/product"}],"replies":[{"embeddable":true,"href":"https:\/\/magdalenagalecka.com\/pl\/wp-json\/wp\/v2\/comments?post=7721"}],"version-history":[{"count":0,"href":"https:\/\/magdalenagalecka.com\/pl\/wp-json\/wp\/v2\/product\/7721\/revisions"}],"wp:featuredmedia":[{"embeddable":true,"href":"https:\/\/magdalenagalecka.com\/pl\/wp-json\/wp\/v2\/media\/16395"}],"wp:attachment":[{"href":"https:\/\/magdalenagalecka.com\/pl\/wp-json\/wp\/v2\/media?parent=7721"}],"wp:term":[{"taxonomy":"product_brand","embeddable":true,"href":"https:\/\/magdalenagalecka.com\/pl\/wp-json\/wp\/v2\/product_brand?post=7721"},{"taxonomy":"product_cat","embeddable":true,"href":"https:\/\/magdalenagalecka.com\/pl\/wp-json\/wp\/v2\/product_cat?post=7721"},{"taxonomy":"product_tag","embeddable":true,"href":"https:\/\/magdalenagalecka.com\/pl\/wp-json\/wp\/v2\/product_tag?post=7721"}],"curies":[{"name":"wp","href":"https:\/\/api.w.org\/{rel}","templated":true}]}}