{"id":7715,"date":"2024-11-19T09:54:38","date_gmt":"2024-11-19T09:54:38","guid":{"rendered":"https:\/\/magdalenagalecka.com\/?post_type=product&#038;p=7715"},"modified":"2025-08-26T17:14:50","modified_gmt":"2025-08-26T17:14:50","slug":"obserwacja","status":"publish","type":"product","link":"https:\/\/magdalenagalecka.com\/pl\/obserwacja\/","title":{"rendered":"Obserwacja"},"content":{"rendered":"<p>Barwny wir kolor\u00f3w, wywo\u0142uj\u0105cy na pierwszy rzut oka wra\u017cenie chaosu, przy bli\u017cszym spojrzeniu ujawnia swoj\u0105 g\u0142\u0119bok\u0105 harmoni\u0119. Obraz pobudza do introspekcji i zach\u0119ca widza do zatrzymania si\u0119, aby zastanowi\u0107 nad swoimi emocjami.<\/p>\n<p>Tytu\u0142 \u201e<strong>Obserwacja<\/strong>\u201d podkre\u015bla wag\u0119 \u015bwiadomego do\u015bwiadczania i rozumienia w\u0142asnych emocji. Obraz ma namawia\u0107 do dog\u0142\u0119bnej analizy swoich uczu\u0107, w kt\u00f3rych zrozumienie tkwi \u017ar\u00f3d\u0142o m\u0105dro\u015bci. To, co z pozoru mo\u017ce wydawa\u0107 si\u0119 emocjonalnym zam\u0119tem, z czasem ukazuje sw\u00f3j g\u0142\u0119boki sens i porz\u0105dek.<\/p>\n<p>Artystka przekonuje, \u017ce przez konfrontacj\u0119 z naszymi emocjami i ich akceptacj\u0119 mo\u017cemy osi\u0105gn\u0105\u0107 stan g\u0142\u0119bokiego wewn\u0119trznego spokoju i pi\u0119kna. Obraz jest wezwaniem do zag\u0142\u0119bienia si\u0119 w bogactwo w\u0142asnej duszy i odnalezienia harmonii nawet w najbardziej wzburzonych chwilach \u017cycia.<\/p>","protected":false},"excerpt":{"rendered":"<div class=\"flex max-w-full flex-col flex-grow\">\n<div class=\"min-h-8 text-message flex w-full flex-col items-end gap-2 whitespace-normal break-words [.text-message+&amp;]:mt-5\" dir=\"auto\" data-message-author-role=\"assistant\" data-message-id=\"2e0790e5-3a7c-4a1a-8662-5ab0a1dd9c34\" data-message-model-slug=\"gpt-4o\">\n<div class=\"flex w-full flex-col gap-1 empty:hidden first:pt-[3px]\">\n<div class=\"markdown prose w-full break-words dark:prose-invert dark\">\n<p>Wir kolor\u00f3w, pozornie chaotyczny, ods\u0142ania g\u0142\u0119bok\u0105 harmoni\u0119, zach\u0119caj\u0105c do introspekcji i analizy emocji. Tytu\u0142 \u201eObserwacja\u201d podkre\u015bla znaczenie \u015bwiadomego zrozumienia uczu\u0107 jako drogi do m\u0105dro\u015bci i spokoju. Obraz inspiruje do akceptacji emocji i odkrycia harmonii nawet w trudnych momentach \u017cycia, ukazuj\u0105c pi\u0119kno wewn\u0119trznego spokoju.<\/p>\n<\/div>\n<\/div>\n<\/div>\n<\/div>\n","protected":false},"featured_media":16398,"comment_status":"open","ping_status":"closed","template":"","meta":{"_acf_changed":false},"product_brand":[],"product_cat":[157,298,312],"product_tag":[],"class_list":{"0":"post-7715","1":"product","2":"type-product","3":"status-publish","4":"has-post-thumbnail","6":"product_cat-butik","7":"product_cat-oryginalny","8":"product_cat-wydruki","9":"pa_painting-size-100x80","10":"pa_painting-size-50x40","11":"pa_painting-type-oryginalny","12":"pa_painting-type-wydruk-na-papierze","13":"pa_painting-type-wydruk-na-plotnie","15":"first","16":"instock","17":"taxable","18":"shipping-taxable","19":"purchasable","20":"product-type-variable","21":"has-default-attributes"},"acf":[],"_links":{"self":[{"href":"https:\/\/magdalenagalecka.com\/pl\/wp-json\/wp\/v2\/product\/7715","targetHints":{"allow":["GET"]}}],"collection":[{"href":"https:\/\/magdalenagalecka.com\/pl\/wp-json\/wp\/v2\/product"}],"about":[{"href":"https:\/\/magdalenagalecka.com\/pl\/wp-json\/wp\/v2\/types\/product"}],"replies":[{"embeddable":true,"href":"https:\/\/magdalenagalecka.com\/pl\/wp-json\/wp\/v2\/comments?post=7715"}],"version-history":[{"count":0,"href":"https:\/\/magdalenagalecka.com\/pl\/wp-json\/wp\/v2\/product\/7715\/revisions"}],"wp:featuredmedia":[{"embeddable":true,"href":"https:\/\/magdalenagalecka.com\/pl\/wp-json\/wp\/v2\/media\/16398"}],"wp:attachment":[{"href":"https:\/\/magdalenagalecka.com\/pl\/wp-json\/wp\/v2\/media?parent=7715"}],"wp:term":[{"taxonomy":"product_brand","embeddable":true,"href":"https:\/\/magdalenagalecka.com\/pl\/wp-json\/wp\/v2\/product_brand?post=7715"},{"taxonomy":"product_cat","embeddable":true,"href":"https:\/\/magdalenagalecka.com\/pl\/wp-json\/wp\/v2\/product_cat?post=7715"},{"taxonomy":"product_tag","embeddable":true,"href":"https:\/\/magdalenagalecka.com\/pl\/wp-json\/wp\/v2\/product_tag?post=7715"}],"curies":[{"name":"wp","href":"https:\/\/api.w.org\/{rel}","templated":true}]}}