{"id":7709,"date":"2024-11-19T09:50:52","date_gmt":"2024-11-19T09:50:52","guid":{"rendered":"https:\/\/magdalenagalecka.com\/?post_type=product&#038;p=7709"},"modified":"2025-09-10T15:24:58","modified_gmt":"2025-09-10T15:24:58","slug":"podekscytowany","status":"publish","type":"product","link":"https:\/\/magdalenagalecka.com\/pl\/podekscytowany\/","title":{"rendered":"Podekscytowanie"},"content":{"rendered":"<p>Paleta barw, od \u0142agodnych pasteli po pulsuj\u0105ce magenty i \u017cywe \u017c\u00f3\u0142cie, odzwierciedla wewn\u0119trzne szcz\u0119\u015bcie i budzi uczucie entuzjazmu oraz lekko\u015bci, przypominaj\u0105c o beztroskich chwilach bez zmartwie\u0144 o przysz\u0142o\u015b\u0107.<\/p>\n<p>Tytu\u0142 \u201eExcited\u201d zach\u0119ca do odrzucenia ogranicze\u0144, poddania si\u0119 \u017cyciowemu procesowi, w kt\u00f3rym to nieznane staje si\u0119 przygod\u0105, a nie barier\u0105. Jest to wezwanie do zaufania i odwagi na \u015bcie\u017cce pe\u0142nej nieznanych zawirowa\u0144, kt\u00f3ra wbrew pozorom mo\u017ce by\u0107 fascynuj\u0105ca. Obraz jest manifestem przekszta\u0142cenia obawy przed nieznanym w ekscytacj\u0119, w nadziej\u0119 na to, co niesie przysz\u0142o\u015b\u0107.<\/p>\n<p>Artystka poprzez sw\u00f3j obraz \u201eExcited\u201d namawia do odwa\u017cnego kroku naprz\u00f3d, z otwarto\u015bci\u0105 na serce i umys\u0142, gotowym przyj\u0105\u0107 ka\u017cde do\u015bwiadczenie jako okazj\u0119 do duchowego wzrostu. Barwna dynamika i energia obrazu s\u0105 wyrazem tw\u00f3rczej filozofii artystki, wed\u0142ug kt\u00f3rej wewn\u0119trzna ewolucja jest drog\u0105 do autentycznego pi\u0119kna.<\/p>","protected":false},"excerpt":{"rendered":"<div class=\"flex max-w-full flex-col flex-grow\">\n<div class=\"min-h-8 text-message flex w-full flex-col items-end gap-2 whitespace-normal break-words [.text-message+&amp;]:mt-5\" dir=\"auto\" data-message-author-role=\"assistant\" data-message-id=\"2e0790e5-3a7c-4a1a-8662-5ab0a1dd9c34\" data-message-model-slug=\"gpt-4o\">\n<div class=\"flex w-full flex-col gap-1 empty:hidden first:pt-[3px]\">\n<div class=\"markdown prose w-full break-words dark:prose-invert dark\">\n<p>Paleta \u017cywych magent, \u017c\u00f3\u0142ci i \u0142agodnych pasteli odzwierciedla rado\u015b\u0107 i entuzjazm, zach\u0119caj\u0105c do odrzucenia ogranicze\u0144 i traktowania nieznanego jako przygody. Tytu\u0142 \u201eExcited\u201d symbolizuje odwag\u0119 i zaufanie w proces \u017cycia, inspiruj\u0105c do przekszta\u0142cenia l\u0119ku w ekscytacj\u0119. Obraz emanuje energi\u0105 i jest manifestem otwarto\u015bci na nowe do\u015bwiadczenia jako \u017ar\u00f3d\u0142a duchowego wzrostu i autentycznego pi\u0119kna.<\/p>\n<\/div>\n<\/div>\n<\/div>\n<\/div>\n","protected":false},"featured_media":16401,"comment_status":"open","ping_status":"closed","template":"","meta":{"_acf_changed":false},"product_brand":[],"product_cat":[157,298,312],"product_tag":[],"class_list":{"0":"post-7709","1":"product","2":"type-product","3":"status-publish","4":"has-post-thumbnail","6":"product_cat-butik","7":"product_cat-oryginalny","8":"product_cat-wydruki","9":"pa_painting-size-100x80","10":"pa_painting-size-50x40","11":"pa_painting-type-oryginalny","12":"pa_painting-type-wydruk-na-papierze","13":"pa_painting-type-wydruk-na-plotnie","15":"first","16":"instock","17":"taxable","18":"shipping-taxable","19":"purchasable","20":"product-type-variable","21":"has-default-attributes"},"acf":[],"_links":{"self":[{"href":"https:\/\/magdalenagalecka.com\/pl\/wp-json\/wp\/v2\/product\/7709","targetHints":{"allow":["GET"]}}],"collection":[{"href":"https:\/\/magdalenagalecka.com\/pl\/wp-json\/wp\/v2\/product"}],"about":[{"href":"https:\/\/magdalenagalecka.com\/pl\/wp-json\/wp\/v2\/types\/product"}],"replies":[{"embeddable":true,"href":"https:\/\/magdalenagalecka.com\/pl\/wp-json\/wp\/v2\/comments?post=7709"}],"version-history":[{"count":0,"href":"https:\/\/magdalenagalecka.com\/pl\/wp-json\/wp\/v2\/product\/7709\/revisions"}],"wp:featuredmedia":[{"embeddable":true,"href":"https:\/\/magdalenagalecka.com\/pl\/wp-json\/wp\/v2\/media\/16401"}],"wp:attachment":[{"href":"https:\/\/magdalenagalecka.com\/pl\/wp-json\/wp\/v2\/media?parent=7709"}],"wp:term":[{"taxonomy":"product_brand","embeddable":true,"href":"https:\/\/magdalenagalecka.com\/pl\/wp-json\/wp\/v2\/product_brand?post=7709"},{"taxonomy":"product_cat","embeddable":true,"href":"https:\/\/magdalenagalecka.com\/pl\/wp-json\/wp\/v2\/product_cat?post=7709"},{"taxonomy":"product_tag","embeddable":true,"href":"https:\/\/magdalenagalecka.com\/pl\/wp-json\/wp\/v2\/product_tag?post=7709"}],"curies":[{"name":"wp","href":"https:\/\/api.w.org\/{rel}","templated":true}]}}