{"id":7703,"date":"2024-11-19T09:38:26","date_gmt":"2024-11-19T09:38:26","guid":{"rendered":"https:\/\/magdalenagalecka.com\/?post_type=product&#038;p=7703"},"modified":"2025-08-26T17:24:19","modified_gmt":"2025-08-26T17:24:19","slug":"ostatni-dzien","status":"publish","type":"product","link":"https:\/\/magdalenagalecka.com\/pl\/ostatni-dzien\/","title":{"rendered":"Ostatni Dzie\u0144"},"content":{"rendered":"<p>Pastelowe niebiesko\u015bci, r\u00f3\u017cowe akcenty na niebie oraz ciep\u0142e odcienie ziemi sk\u0142adaj\u0105 si\u0119 na scen\u0119, kt\u00f3ra symbolizuje koniec dnia, ale jednocze\u015bnie obietnic\u0119 nowego pocz\u0105tku.<\/p>\n<p>Tytu\u0142 \u201e<strong>Ostatni Dzie\u0144<\/strong>\u201d sugeruje moment prze\u0142omu, obietnic\u0119 zako\u0144czenia odk\u0142adania \u017cycia na p\u00f3\u017aniej i zach\u0119ta do pe\u0142nego doceniania ka\u017cdego dnia. Praca ma inspirowa\u0107 do akceptacji ka\u017cdego momentu jako okazji do szcz\u0119\u015bcia i zako\u0144czenia oczekiwania na lepsze jutro.<\/p>\n<p>Artystka pragnie, aby obraz ten przynosi\u0142 odbiorcom poczucie wsparcia i \u017cyciowej afirmacji, zach\u0119caj\u0105c do znalezienia wewn\u0119trznej si\u0142y, aby przesta\u0107 odk\u0142ada\u0107 \u017cycie na p\u00f3\u017aniej.<\/p>","protected":false},"excerpt":{"rendered":"<div class=\"flex max-w-full flex-col flex-grow\">\n<div class=\"min-h-8 text-message flex w-full flex-col items-end gap-2 whitespace-normal break-words [.text-message+&amp;]:mt-5\" dir=\"auto\" data-message-author-role=\"assistant\" data-message-id=\"2e0790e5-3a7c-4a1a-8662-5ab0a1dd9c34\" data-message-model-slug=\"gpt-4o\">\n<div class=\"flex w-full flex-col gap-1 empty:hidden first:pt-[3px]\">\n<div class=\"markdown prose w-full break-words dark:prose-invert dark\">\n<p>Pastelowe b\u0142\u0119kity, r\u00f3\u017cowe akcenty i ciep\u0142e odcienie ziemi tworz\u0105 scen\u0119 symbolizuj\u0105c\u0105 koniec dnia i obietnic\u0119 nowego pocz\u0105tku. Tytu\u0142 \u201eOstatni Dzie\u0144\u201d zach\u0119ca do doceniania ka\u017cdego momentu, inspiruj\u0105c do \u017cycia tu i teraz. Obraz niesie przes\u0142anie wsparcia i afirmacji, motywuj\u0105c do zako\u0144czenia oczekiwania na lepsze jutro i odnalezienia wewn\u0119trznej si\u0142y.<\/p>\n<\/div>\n<\/div>\n<\/div>\n<\/div>\n","protected":false},"featured_media":16406,"comment_status":"open","ping_status":"closed","template":"","meta":{"_acf_changed":false},"product_brand":[],"product_cat":[157,298,312],"product_tag":[],"class_list":{"0":"post-7703","1":"product","2":"type-product","3":"status-publish","4":"has-post-thumbnail","6":"product_cat-butik","7":"product_cat-oryginalny","8":"product_cat-wydruki","9":"pa_painting-size-100x80","10":"pa_painting-size-50x40","11":"pa_painting-type-oryginalny","12":"pa_painting-type-wydruk-na-papierze","13":"pa_painting-type-wydruk-na-plotnie","15":"first","16":"instock","17":"taxable","18":"shipping-taxable","19":"purchasable","20":"product-type-variable","21":"has-default-attributes"},"acf":[],"_links":{"self":[{"href":"https:\/\/magdalenagalecka.com\/pl\/wp-json\/wp\/v2\/product\/7703","targetHints":{"allow":["GET"]}}],"collection":[{"href":"https:\/\/magdalenagalecka.com\/pl\/wp-json\/wp\/v2\/product"}],"about":[{"href":"https:\/\/magdalenagalecka.com\/pl\/wp-json\/wp\/v2\/types\/product"}],"replies":[{"embeddable":true,"href":"https:\/\/magdalenagalecka.com\/pl\/wp-json\/wp\/v2\/comments?post=7703"}],"version-history":[{"count":0,"href":"https:\/\/magdalenagalecka.com\/pl\/wp-json\/wp\/v2\/product\/7703\/revisions"}],"wp:featuredmedia":[{"embeddable":true,"href":"https:\/\/magdalenagalecka.com\/pl\/wp-json\/wp\/v2\/media\/16406"}],"wp:attachment":[{"href":"https:\/\/magdalenagalecka.com\/pl\/wp-json\/wp\/v2\/media?parent=7703"}],"wp:term":[{"taxonomy":"product_brand","embeddable":true,"href":"https:\/\/magdalenagalecka.com\/pl\/wp-json\/wp\/v2\/product_brand?post=7703"},{"taxonomy":"product_cat","embeddable":true,"href":"https:\/\/magdalenagalecka.com\/pl\/wp-json\/wp\/v2\/product_cat?post=7703"},{"taxonomy":"product_tag","embeddable":true,"href":"https:\/\/magdalenagalecka.com\/pl\/wp-json\/wp\/v2\/product_tag?post=7703"}],"curies":[{"name":"wp","href":"https:\/\/api.w.org\/{rel}","templated":true}]}}