{"id":7696,"date":"2024-11-19T09:31:56","date_gmt":"2024-11-19T09:31:56","guid":{"rendered":"https:\/\/magdalenagalecka.com\/?post_type=product&#038;p=7696"},"modified":"2025-08-26T17:25:30","modified_gmt":"2025-08-26T17:25:30","slug":"widok-z-gory","status":"publish","type":"product","link":"https:\/\/magdalenagalecka.com\/pl\/widok-z-gory\/","title":{"rendered":"Widok z G\u00f3ry"},"content":{"rendered":"<p>\u017bywe i ciep\u0142e tony, ziele\u0144, \u017c\u00f3\u0142\u0107, br\u0105z i szaro\u015b\u0107 splataj\u0105 si\u0119, tworz\u0105c obraz pe\u0142en dynamiki i \u017cycia.<\/p>\n<p>Ten pejza\u017c ma wywo\u0142a\u0107 uczucie satysfakcji i spokoju, jakie towarzysz\u0105 osi\u0105gni\u0119ciu szczytu po trudach wspinaczki \u2013 metaforycznie odnosz\u0105c si\u0119 do \u017cyciowych wyzwa\u0144. Tytu\u0142 obrazu sugeruje, \u017ce trudne drogi, kt\u00f3re pokonujemy, prowadz\u0105 nas do pi\u0119kniejszych perspektyw i wi\u0119kszego docenienia osi\u0105gni\u0119\u0107.<\/p>\n<p>Artystka pragnie, aby jej dzie\u0142o stanowi\u0142o inspiracj\u0119 do refleksji nad \u017cyciowymi podr\u00f3\u017cami i duchowym wzrostem, zach\u0119caj\u0105c do czerpania rado\u015bci z ka\u017cdego kroku na tej drodze. Praca ma na celu przynie\u015b\u0107 odbiorcy poczucie ciep\u0142a, \u017cycia i wewn\u0119trznej satysfakcji, podkre\u015blaj\u0105c warto\u015b\u0107 procesu i wysi\u0142ku w d\u0105\u017ceniu do celu.<\/p>","protected":false},"excerpt":{"rendered":"<div class=\"flex max-w-full flex-col flex-grow\">\n<div class=\"min-h-8 text-message flex w-full flex-col items-end gap-2 whitespace-normal break-words [.text-message+&amp;]:mt-5\" dir=\"auto\" data-message-author-role=\"assistant\" data-message-id=\"2e0790e5-3a7c-4a1a-8662-5ab0a1dd9c34\" data-message-model-slug=\"gpt-4o\">\n<div class=\"flex w-full flex-col gap-1 empty:hidden first:pt-[3px]\">\n<div class=\"markdown prose w-full break-words dark:prose-invert dark\">\n<p>Dynamiczne po\u0142\u0105czenie zieleni, \u017c\u00f3\u0142ci, br\u0105zu i szaro\u015bci tworzy pejza\u017c pe\u0142en \u017cycia i energii. Obraz symbolizuje satysfakcj\u0119 i spok\u00f3j osi\u0105gni\u0119cia celu po trudnej drodze, odzwierciedlaj\u0105c \u017cyciowe wyzwania. Inspirowany duchowym wzrostem, zach\u0119ca do doceniania procesu i czerpania rado\u015bci z ka\u017cdego kroku, przynosz\u0105c ciep\u0142o i wewn\u0119trzn\u0105 satysfakcj\u0119.<\/p>\n<\/div>\n<\/div>\n<\/div>\n<\/div>\n","protected":false},"featured_media":16412,"comment_status":"open","ping_status":"closed","template":"","meta":{"_acf_changed":false},"product_brand":[],"product_cat":[157,298,312],"product_tag":[],"class_list":{"0":"post-7696","1":"product","2":"type-product","3":"status-publish","4":"has-post-thumbnail","6":"product_cat-butik","7":"product_cat-oryginalny","8":"product_cat-wydruki","9":"pa_painting-size-60x80","10":"pa_painting-type-oryginalny","11":"pa_painting-type-wydruk-na-papierze","12":"pa_painting-type-wydruk-na-plotnie","14":"first","15":"instock","16":"taxable","17":"shipping-taxable","18":"purchasable","19":"product-type-variable","20":"has-default-attributes"},"acf":[],"_links":{"self":[{"href":"https:\/\/magdalenagalecka.com\/pl\/wp-json\/wp\/v2\/product\/7696","targetHints":{"allow":["GET"]}}],"collection":[{"href":"https:\/\/magdalenagalecka.com\/pl\/wp-json\/wp\/v2\/product"}],"about":[{"href":"https:\/\/magdalenagalecka.com\/pl\/wp-json\/wp\/v2\/types\/product"}],"replies":[{"embeddable":true,"href":"https:\/\/magdalenagalecka.com\/pl\/wp-json\/wp\/v2\/comments?post=7696"}],"version-history":[{"count":0,"href":"https:\/\/magdalenagalecka.com\/pl\/wp-json\/wp\/v2\/product\/7696\/revisions"}],"wp:featuredmedia":[{"embeddable":true,"href":"https:\/\/magdalenagalecka.com\/pl\/wp-json\/wp\/v2\/media\/16412"}],"wp:attachment":[{"href":"https:\/\/magdalenagalecka.com\/pl\/wp-json\/wp\/v2\/media?parent=7696"}],"wp:term":[{"taxonomy":"product_brand","embeddable":true,"href":"https:\/\/magdalenagalecka.com\/pl\/wp-json\/wp\/v2\/product_brand?post=7696"},{"taxonomy":"product_cat","embeddable":true,"href":"https:\/\/magdalenagalecka.com\/pl\/wp-json\/wp\/v2\/product_cat?post=7696"},{"taxonomy":"product_tag","embeddable":true,"href":"https:\/\/magdalenagalecka.com\/pl\/wp-json\/wp\/v2\/product_tag?post=7696"}],"curies":[{"name":"wp","href":"https:\/\/api.w.org\/{rel}","templated":true}]}}