{"id":7684,"date":"2024-11-19T09:22:31","date_gmt":"2024-11-19T09:22:31","guid":{"rendered":"https:\/\/magdalenagalecka.com\/?post_type=product&#038;p=7684"},"modified":"2025-09-10T15:20:10","modified_gmt":"2025-09-10T15:20:10","slug":"liniowe-wzgorze","status":"publish","type":"product","link":"https:\/\/magdalenagalecka.com\/pl\/liniowe-wzgorze\/","title":{"rendered":"Wzg\u00f3rze Linii"},"content":{"rendered":"<p>Gama kolorystyczna pracy obejmuje szeroki wachlarz zieleni, \u017c\u00f3\u0142ci, czerwieni oraz br\u0105z\u00f3w, kt\u00f3re razem komponuj\u0105 malowniczy, cho\u0107 uporz\u0105dkowany obraz natury.<br \/>\nPraca ta ma wywo\u0142ywa\u0107 poczucie spokoju i r\u00f3wnowagi dzi\u0119ki swojej uporz\u0105dkowanej kompozycji, jednocze\u015bnie wyra\u017caj\u0105c idea\u0142 ci\u0105g\u0142ego rozwoju i adaptacji, co jest wpisane w natur\u0119.<\/p>\n<p>Artystka poprzez ten obraz chce inspirowa\u0107 do poszukiwania w\u0142asnych \u015bcie\u017cek rozwoju, podkre\u015blaj\u0105c pi\u0119kno i prostot\u0119 procesu. Jest to obraz maj\u0105cy nie\u015b\u0107 ciep\u0142o i pozytywne emocje, a zarazem zach\u0119ca\u0107 do refleksji nad naszym miejscem w \u015bwiecie i relacj\u0105 z otaczaj\u0105cym nas \u015brodowiskiem.<\/p>","protected":false},"excerpt":{"rendered":"<div class=\"flex max-w-full flex-col flex-grow\">\n<div class=\"min-h-8 text-message flex w-full flex-col items-end gap-2 whitespace-normal break-words [.text-message+&amp;]:mt-5\" dir=\"auto\" data-message-author-role=\"assistant\" data-message-id=\"2e0790e5-3a7c-4a1a-8662-5ab0a1dd9c34\" data-message-model-slug=\"gpt-4o\">\n<div class=\"flex w-full flex-col gap-1 empty:hidden first:pt-[3px]\">\n<div class=\"markdown prose w-full break-words dark:prose-invert dark\">\n<p>Paleta zieleni, \u017c\u00f3\u0142ci, czerwieni i br\u0105z\u00f3w tworzy harmonijn\u0105 kompozycj\u0119 natury, symbolizuj\u0105c\u0105 spok\u00f3j, r\u00f3wnowag\u0119 i ci\u0105g\u0142y rozw\u00f3j. Obraz inspiruje do poszukiwania w\u0142asnych \u015bcie\u017cek i refleksji nad naszym miejscem w \u015bwiecie, podkre\u015blaj\u0105c pi\u0119kno i prostot\u0119 procesu adaptacji i wzrostu. Emanuje ciep\u0142em i pozytywn\u0105 energi\u0105.<\/p>\n<\/div>\n<\/div>\n<\/div>\n<\/div>\n","protected":false},"featured_media":16421,"comment_status":"open","ping_status":"closed","template":"","meta":{"_acf_changed":false},"product_brand":[],"product_cat":[157,298,312],"product_tag":[],"class_list":{"0":"post-7684","1":"product","2":"type-product","3":"status-publish","4":"has-post-thumbnail","6":"product_cat-butik","7":"product_cat-oryginalny","8":"product_cat-wydruki","9":"pa_painting-size-30x35","10":"pa_painting-size-60x70","11":"pa_painting-type-oryginalny","12":"pa_painting-type-wydruk-na-papierze","13":"pa_painting-type-wydruk-na-plotnie","15":"first","16":"instock","17":"taxable","18":"shipping-taxable","19":"purchasable","20":"product-type-variable","21":"has-default-attributes"},"acf":[],"_links":{"self":[{"href":"https:\/\/magdalenagalecka.com\/pl\/wp-json\/wp\/v2\/product\/7684","targetHints":{"allow":["GET"]}}],"collection":[{"href":"https:\/\/magdalenagalecka.com\/pl\/wp-json\/wp\/v2\/product"}],"about":[{"href":"https:\/\/magdalenagalecka.com\/pl\/wp-json\/wp\/v2\/types\/product"}],"replies":[{"embeddable":true,"href":"https:\/\/magdalenagalecka.com\/pl\/wp-json\/wp\/v2\/comments?post=7684"}],"version-history":[{"count":0,"href":"https:\/\/magdalenagalecka.com\/pl\/wp-json\/wp\/v2\/product\/7684\/revisions"}],"wp:featuredmedia":[{"embeddable":true,"href":"https:\/\/magdalenagalecka.com\/pl\/wp-json\/wp\/v2\/media\/16421"}],"wp:attachment":[{"href":"https:\/\/magdalenagalecka.com\/pl\/wp-json\/wp\/v2\/media?parent=7684"}],"wp:term":[{"taxonomy":"product_brand","embeddable":true,"href":"https:\/\/magdalenagalecka.com\/pl\/wp-json\/wp\/v2\/product_brand?post=7684"},{"taxonomy":"product_cat","embeddable":true,"href":"https:\/\/magdalenagalecka.com\/pl\/wp-json\/wp\/v2\/product_cat?post=7684"},{"taxonomy":"product_tag","embeddable":true,"href":"https:\/\/magdalenagalecka.com\/pl\/wp-json\/wp\/v2\/product_tag?post=7684"}],"curies":[{"name":"wp","href":"https:\/\/api.w.org\/{rel}","templated":true}]}}