{"id":7678,"date":"2024-11-19T09:18:21","date_gmt":"2024-11-19T09:18:21","guid":{"rendered":"https:\/\/magdalenagalecka.com\/?post_type=product&#038;p=7678"},"modified":"2025-08-17T15:48:50","modified_gmt":"2025-08-17T15:48:50","slug":"ziemia","status":"publish","type":"product","link":"https:\/\/magdalenagalecka.com\/pl\/ziemia\/","title":{"rendered":"Ziemia"},"content":{"rendered":"<p>Paleta barw nawi\u0105zuje do \u015bwiata natury. G\u0142\u0119bokie br\u0105zy, ciep\u0142e odcienie pomara\u0144czowego, subtelne szaro\u015bci i zielenie. Kolory maj\u0105 wywo\u0142a\u0107 uczucie stabilno\u015bci i solidno\u015bci, powrotu do korzeni. Obraz ma zach\u0119ca\u0107 do zastanowienia si\u0119 nad poczuciem bezpiecze\u0144stwa, kt\u00f3re daje nam blisko\u015b\u0107 z natur\u0105, oraz nad wzrostem, jaki natura symbolizuje \u2013 zar\u00f3wno w \u015bwiecie zewn\u0119trznym, jak i w rozwoju osobistym.<\/p>\n<p>Artystka pragnie, aby obraz wywo\u0142ywa\u0142 uczucia bezpiecze\u0144stwa i r\u00f3wnowagi, przypominaj\u0105c o korzeniach i fundamentalnym znaczeniu natury w naszym \u017cyciu. Abstrakcja jest zaproszeniem do g\u0142\u0119bokiego spojrzenia w siebie, do odkrywania i doceniania si\u0142y tkwi\u0105cej w naturze i w nas samych, do u\u015bwiadomienia sobie, jak bardzo jeste\u015bmy zakorzenieni w ziemi, kt\u00f3ra jest naszym wsp\u00f3lnym domem i fundamentem wszelkiego wzrostu.<\/p>","protected":false},"excerpt":{"rendered":"<div class=\"flex max-w-full flex-col flex-grow\">\n<div class=\"min-h-8 text-message flex w-full flex-col items-end gap-2 whitespace-normal break-words [.text-message+&amp;]:mt-5\" dir=\"auto\" data-message-author-role=\"assistant\" data-message-id=\"2e0790e5-3a7c-4a1a-8662-5ab0a1dd9c34\" data-message-model-slug=\"gpt-4o\">\n<div class=\"flex w-full flex-col gap-1 empty:hidden first:pt-[3px]\">\n<div class=\"markdown prose w-full break-words dark:prose-invert dark\">\n<p>Paleta naturalnych barw \u2013 br\u0105zy, pomara\u0144cze, szaro\u015bci i zielenie \u2013 symbolizuje stabilno\u015b\u0107, bezpiecze\u0144stwo i powr\u00f3t do korzeni. Obraz zach\u0119ca do refleksji nad blisko\u015bci\u0105 natury oraz wzrostem, kt\u00f3ry reprezentuje, zar\u00f3wno w \u015bwiecie zewn\u0119trznym, jak i w rozwoju osobistym. To abstrakcyjna opowie\u015b\u0107 o r\u00f3wnowadze, sile natury i naszej wi\u0119zi z ni\u0105 jako fundamentem \u017cycia i rozwoju<\/p>\n<\/div>\n<\/div>\n<\/div>\n<\/div>\n","protected":false},"featured_media":16426,"comment_status":"open","ping_status":"closed","template":"","meta":{"_acf_changed":false},"product_brand":[],"product_cat":[157,298,312],"product_tag":[],"class_list":{"0":"post-7678","1":"product","2":"type-product","3":"status-publish","4":"has-post-thumbnail","6":"product_cat-butik","7":"product_cat-oryginalny","8":"product_cat-wydruki","9":"pa_painting-size-100x70","10":"pa_painting-type-oryginalny","11":"pa_painting-type-wydruk-na-papierze","12":"pa_painting-type-wydruk-na-plotnie","14":"first","15":"instock","16":"taxable","17":"shipping-taxable","18":"purchasable","19":"product-type-variable","20":"has-default-attributes"},"acf":[],"_links":{"self":[{"href":"https:\/\/magdalenagalecka.com\/pl\/wp-json\/wp\/v2\/product\/7678","targetHints":{"allow":["GET"]}}],"collection":[{"href":"https:\/\/magdalenagalecka.com\/pl\/wp-json\/wp\/v2\/product"}],"about":[{"href":"https:\/\/magdalenagalecka.com\/pl\/wp-json\/wp\/v2\/types\/product"}],"replies":[{"embeddable":true,"href":"https:\/\/magdalenagalecka.com\/pl\/wp-json\/wp\/v2\/comments?post=7678"}],"version-history":[{"count":0,"href":"https:\/\/magdalenagalecka.com\/pl\/wp-json\/wp\/v2\/product\/7678\/revisions"}],"wp:featuredmedia":[{"embeddable":true,"href":"https:\/\/magdalenagalecka.com\/pl\/wp-json\/wp\/v2\/media\/16426"}],"wp:attachment":[{"href":"https:\/\/magdalenagalecka.com\/pl\/wp-json\/wp\/v2\/media?parent=7678"}],"wp:term":[{"taxonomy":"product_brand","embeddable":true,"href":"https:\/\/magdalenagalecka.com\/pl\/wp-json\/wp\/v2\/product_brand?post=7678"},{"taxonomy":"product_cat","embeddable":true,"href":"https:\/\/magdalenagalecka.com\/pl\/wp-json\/wp\/v2\/product_cat?post=7678"},{"taxonomy":"product_tag","embeddable":true,"href":"https:\/\/magdalenagalecka.com\/pl\/wp-json\/wp\/v2\/product_tag?post=7678"}],"curies":[{"name":"wp","href":"https:\/\/api.w.org\/{rel}","templated":true}]}}