{"id":7653,"date":"2024-11-19T07:57:10","date_gmt":"2024-11-19T07:57:10","guid":{"rendered":"https:\/\/magdalenagalecka.com\/?post_type=product&#038;p=7653"},"modified":"2025-08-26T17:33:50","modified_gmt":"2025-08-26T17:33:50","slug":"zadumany","status":"publish","type":"product","link":"https:\/\/magdalenagalecka.com\/pl\/zadumany\/","title":{"rendered":"Zadumanie"},"content":{"rendered":"<p>Pastelowa gama barw, od ciep\u0142ych be\u017c\u00f3w t\u0142a, przez delikatne r\u00f3\u017ce sukni, a\u017c po \u017cywe b\u0142\u0119kity bluzki, przyczynia si\u0119 do stworzenia wra\u017cenia mi\u0119kko\u015bci i introspekcji.<\/p>\n<p>Praca ma wywo\u0142ywa\u0107 atmosfer\u0119 refleksji i wewn\u0119trznego skupienia, odzwierciedlaj\u0105c tytu\u0142owy stan zatracenia w my\u015blach.<br \/>\nKompozycja obrazu ma na celu wywo\u0142a\u0107 w odbiorcy poczucie intymno\u015bci i introspekcji. Obraz ma zach\u0119ca\u0107 do zatrzymania si\u0119 i zanurzenia w osobistej refleksji, podkre\u015blaj\u0105c warto\u015b\u0107 moment\u00f3w sp\u0119dzonych na samopoznaniu.<\/p>","protected":false},"excerpt":{"rendered":"<div class=\"flex max-w-full flex-col flex-grow\">\n<div class=\"min-h-8 text-message flex w-full flex-col items-end gap-2 whitespace-normal break-words [.text-message+&amp;]:mt-5\" dir=\"auto\" data-message-author-role=\"assistant\" data-message-id=\"2e0790e5-3a7c-4a1a-8662-5ab0a1dd9c34\" data-message-model-slug=\"gpt-4o\">\n<div class=\"flex w-full flex-col gap-1 empty:hidden first:pt-[3px]\">\n<div class=\"markdown prose w-full break-words dark:prose-invert dark\">\n<p>Pastelowe barwy \u2013 od ciep\u0142ych be\u017c\u00f3w po delikatne r\u00f3\u017ce i b\u0142\u0119kity \u2013 tworz\u0105 mi\u0119kk\u0105, introspektywn\u0105 atmosfer\u0119. Kompozycja odzwierciedla stan zatracenia w my\u015blach, zach\u0119caj\u0105c do intymnej refleksji i podkre\u015blaj\u0105c warto\u015b\u0107 chwil po\u015bwi\u0119conych samopoznaniu.<\/p>\n<\/div>\n<\/div>\n<\/div>\n<\/div>\n","protected":false},"featured_media":16433,"comment_status":"open","ping_status":"closed","template":"","meta":{"_acf_changed":false},"product_brand":[],"product_cat":[157,298,312],"product_tag":[],"class_list":{"0":"post-7653","1":"product","2":"type-product","3":"status-publish","4":"has-post-thumbnail","6":"product_cat-butik","7":"product_cat-oryginalny","8":"product_cat-wydruki","9":"pa_painting-size-80x60","10":"pa_painting-type-oryginalny","11":"pa_painting-type-wydruk-na-papierze","12":"pa_painting-type-wydruk-na-plotnie","14":"first","15":"instock","16":"taxable","17":"shipping-taxable","18":"purchasable","19":"product-type-variable","20":"has-default-attributes"},"acf":[],"_links":{"self":[{"href":"https:\/\/magdalenagalecka.com\/pl\/wp-json\/wp\/v2\/product\/7653","targetHints":{"allow":["GET"]}}],"collection":[{"href":"https:\/\/magdalenagalecka.com\/pl\/wp-json\/wp\/v2\/product"}],"about":[{"href":"https:\/\/magdalenagalecka.com\/pl\/wp-json\/wp\/v2\/types\/product"}],"replies":[{"embeddable":true,"href":"https:\/\/magdalenagalecka.com\/pl\/wp-json\/wp\/v2\/comments?post=7653"}],"version-history":[{"count":0,"href":"https:\/\/magdalenagalecka.com\/pl\/wp-json\/wp\/v2\/product\/7653\/revisions"}],"wp:featuredmedia":[{"embeddable":true,"href":"https:\/\/magdalenagalecka.com\/pl\/wp-json\/wp\/v2\/media\/16433"}],"wp:attachment":[{"href":"https:\/\/magdalenagalecka.com\/pl\/wp-json\/wp\/v2\/media?parent=7653"}],"wp:term":[{"taxonomy":"product_brand","embeddable":true,"href":"https:\/\/magdalenagalecka.com\/pl\/wp-json\/wp\/v2\/product_brand?post=7653"},{"taxonomy":"product_cat","embeddable":true,"href":"https:\/\/magdalenagalecka.com\/pl\/wp-json\/wp\/v2\/product_cat?post=7653"},{"taxonomy":"product_tag","embeddable":true,"href":"https:\/\/magdalenagalecka.com\/pl\/wp-json\/wp\/v2\/product_tag?post=7653"}],"curies":[{"name":"wp","href":"https:\/\/api.w.org\/{rel}","templated":true}]}}