{"id":7641,"date":"2024-11-19T07:47:30","date_gmt":"2024-11-19T07:47:30","guid":{"rendered":"https:\/\/magdalenagalecka.com\/?post_type=product&#038;p=7641"},"modified":"2025-08-26T17:37:17","modified_gmt":"2025-08-26T17:37:17","slug":"cierpliwosc3","status":"publish","type":"product","link":"https:\/\/magdalenagalecka.com\/pl\/cierpliwosc3\/","title":{"rendered":"Cierpliwo\u015b\u01073"},"content":{"rendered":"<p>Cz\u0119sto w \u017cyciu pomijamy fakt, \u017ce ka\u017cde pragnienie wymaga czasu. W poszukiwaniu natychmiastowych rezultat\u00f3w zapominamy, \u017ce rozwijanie umiej\u0119tno\u015bci i marze\u0144 oraz walka z przeciwno\u015bciami losu to stopniowy proces.<br \/>\nSeria obraz\u00f3w PATIENCE stanowi refleksj\u0119 nad znaczeniem cierpliwo\u015bci. Malutkie domki i drobne detale to wyraz osobistej drogi autorki ku opanowaniu cierpliwo\u015bci oraz zrozumieniu, \u017ce trud w\u0142o\u017cony w osi\u0105gni\u0119cie celu jest r\u00f3wnie istotny, co sam rezultat.<\/p>\n<div class=\"flex-1 overflow-hidden\">\n<div class=\"react-scroll-to-bottom--css-brzpo-79elbk h-full\">\n<div class=\"react-scroll-to-bottom--css-brzpo-1n7m0yu\">\n<div class=\"flex flex-col pb-9 text-sm\">\n<div class=\"w-full text-token-text-primary\" data-testid=\"conversation-turn-55\">\n<div class=\"px-4 py-2 justify-center text-base md:gap-6 m-auto\">\n<div class=\"flex flex-1 text-base mx-auto gap-3 md:px-5 lg:px-1 xl:px-5 md:max-w-3xl lg:max-w-[40rem] xl:max-w-[48rem] group final-completion\">\n<div class=\"relative flex w-full flex-col agent-turn\">\n<div class=\"flex-col gap-1 md:gap-3\">\n<div class=\"flex flex-grow flex-col max-w-full\">\n<div class=\"min-h-[20px] text-message flex flex-col items-start gap-3 whitespace-pre-wrap break-words [.text-message+&amp;]:mt-5 overflow-x-auto\" data-message-author-role=\"assistant\" data-message-id=\"b2b62624-999a-4641-be0f-67769a43e7c4\">\n<div class=\"markdown prose w-full break-words dark:prose-invert light\">\n<p>Cz\u0119sto nie dostrzegamy wysi\u0142ku i wyzwa\u0144, z kt\u00f3rymi mierz\u0105 si\u0119 ludzie wok\u00f3\u0142 nas, aby osi\u0105gn\u0105\u0107 swoje cele. Zauwa\u017camy jedynie imponuj\u0105cy rezultat ko\u0144cowy. Tak jest w przypadku serii PATIENCE, gdzie nie widzimy artystycznej walki z wewn\u0119trznymi ograniczeniami autorki, a jedynie efekt w postaci barwnych, optymistycznych obraz\u00f3w pe\u0142nych drobnych szczeg\u00f3\u0142\u00f3w.<br \/>\nSeria PATIENCE stanowi pokorne wezwanie do zastanowienia si\u0119 nad znaczeniem czasu, wysi\u0142ku i cierpliwo\u015bci, kt\u00f3rej cz\u0119sto nam brak w p\u0119dzie codzienno\u015bci.<\/p>\n<\/div>\n<\/div>\n<\/div>\n<\/div>\n<\/div>\n<\/div>\n<\/div>\n<\/div>\n<\/div>\n<\/div>\n<\/div>\n<\/div>\n","protected":false},"excerpt":{"rendered":"<p><strong>Seria PATIENCE<\/strong> to refleksja nad warto\u015bci\u0105 cierpliwo\u015bci i czasu w d\u0105\u017ceniu do cel\u00f3w. Malutkie domki i drobne detale symbolizuj\u0105 stopniowy proces rozwoju oraz trud w\u0142o\u017cony w osi\u0105ganie marze\u0144. Prace ukazuj\u0105, \u017ce rezultat to tylko cz\u0119\u015b\u0107 drogi, zach\u0119caj\u0105c do dostrzegania wysi\u0142ku, kt\u00f3ry stoi za sukcesami. Seria przypomina o znaczeniu cierpliwo\u015bci w codziennym \u017cyciu i docenianiu procesu, a nie tylko efektu.<\/p>","protected":false},"featured_media":16504,"comment_status":"open","ping_status":"closed","template":"","meta":{"_acf_changed":false},"product_brand":[],"product_cat":[157,298,312],"product_tag":[],"class_list":{"0":"post-7641","1":"product","2":"type-product","3":"status-publish","4":"has-post-thumbnail","6":"product_cat-butik","7":"product_cat-oryginalny","8":"product_cat-wydruki","9":"pa_painting-size-40x50","10":"pa_painting-size-80x100","11":"pa_painting-type-oryginalny","12":"pa_painting-type-wydruk-na-papierze","13":"pa_painting-type-wydruk-na-plotnie","15":"first","16":"instock","17":"taxable","18":"shipping-taxable","19":"purchasable","20":"product-type-variable","21":"has-default-attributes"},"acf":[],"_links":{"self":[{"href":"https:\/\/magdalenagalecka.com\/pl\/wp-json\/wp\/v2\/product\/7641","targetHints":{"allow":["GET"]}}],"collection":[{"href":"https:\/\/magdalenagalecka.com\/pl\/wp-json\/wp\/v2\/product"}],"about":[{"href":"https:\/\/magdalenagalecka.com\/pl\/wp-json\/wp\/v2\/types\/product"}],"replies":[{"embeddable":true,"href":"https:\/\/magdalenagalecka.com\/pl\/wp-json\/wp\/v2\/comments?post=7641"}],"version-history":[{"count":0,"href":"https:\/\/magdalenagalecka.com\/pl\/wp-json\/wp\/v2\/product\/7641\/revisions"}],"wp:featuredmedia":[{"embeddable":true,"href":"https:\/\/magdalenagalecka.com\/pl\/wp-json\/wp\/v2\/media\/16504"}],"wp:attachment":[{"href":"https:\/\/magdalenagalecka.com\/pl\/wp-json\/wp\/v2\/media?parent=7641"}],"wp:term":[{"taxonomy":"product_brand","embeddable":true,"href":"https:\/\/magdalenagalecka.com\/pl\/wp-json\/wp\/v2\/product_brand?post=7641"},{"taxonomy":"product_cat","embeddable":true,"href":"https:\/\/magdalenagalecka.com\/pl\/wp-json\/wp\/v2\/product_cat?post=7641"},{"taxonomy":"product_tag","embeddable":true,"href":"https:\/\/magdalenagalecka.com\/pl\/wp-json\/wp\/v2\/product_tag?post=7641"}],"curies":[{"name":"wp","href":"https:\/\/api.w.org\/{rel}","templated":true}]}}