{"id":7635,"date":"2024-11-19T07:42:02","date_gmt":"2024-11-19T07:42:02","guid":{"rendered":"https:\/\/magdalenagalecka.com\/?post_type=product&#038;p=7635"},"modified":"2025-08-26T17:38:24","modified_gmt":"2025-08-26T17:38:24","slug":"zanurz-sie-w-blekicie","status":"publish","type":"product","link":"https:\/\/magdalenagalecka.com\/pl\/zanurz-sie-w-blekicie\/","title":{"rendered":"Zanurz si\u0119 w b\u0142\u0119kicie"},"content":{"rendered":"<p>Kolory nawi\u0105zuj\u0105ce do wody maj\u0105 zach\u0119ci\u0107 do zanurzenia si\u0119 w uczuciu spokoju oraz poddaniu si\u0119 refleksji nad p\u0142yn\u0105cymi w nas emocjach. Przeplataj\u0105ce si\u0119 odcienie, p\u0142ynne przej\u015bcia z delikatnych, pastelowych odcieni koloru niebieskiego \u0142\u0105cz\u0105cego si\u0119 z biel\u0105, g\u0142\u0119bokie granaty oraz turkus tworz\u0105 harmoni\u0119 i przynosz\u0105 spok\u00f3j.\u00a0 Tytu\u0142 odnosi si\u0119 do uczucia zanurzenia w te barwy, co mo\u017ce wywo\u0142a\u0107 uczucie refleksji, podobne do tego, kt\u00f3re odczuwamy przy obserwacji spokojnej wody. Praca ma na celu stworzenie poczucia po\u0142\u0105czenia z natur\u0105 i jej uspokajaj\u0105cym wp\u0142ywem.<\/p>\n<p>Artystka za po\u015brednictwem tej pracy zach\u0119ca do rozwa\u017ca\u0144 nad w\u0142asnym wn\u0119trzem i osobistym rozwojem, podkre\u015blaj\u0105c, \u017ce proces ten jest pi\u0119kny i warto\u015bciowy.<\/p>","protected":false},"excerpt":{"rendered":"<p>Opis obrazu: Paleta wodnych odcieni \u2013 od pastelowego b\u0142\u0119kitu przez g\u0142\u0119bokie granaty po turkus \u2013 tworzy harmoni\u0119 i spok\u00f3j, zach\u0119caj\u0105c do refleksji nad emocjami. Tytu\u0142 odnosi si\u0119 do zanurzenia w tych barwach, kt\u00f3re wywo\u0142uj\u0105 uczucie wewn\u0119trznego wyciszenia i po\u0142\u0105czenia z natur\u0105. Obraz inspiruje do osobistej introspekcji, podkre\u015blaj\u0105c pi\u0119kno i warto\u015b\u0107 procesu rozwoju.<\/p>","protected":false},"featured_media":16445,"comment_status":"open","ping_status":"closed","template":"","meta":{"_acf_changed":false},"product_brand":[],"product_cat":[157,298,312],"product_tag":[],"class_list":{"0":"post-7635","1":"product","2":"type-product","3":"status-publish","4":"has-post-thumbnail","6":"product_cat-butik","7":"product_cat-oryginalny","8":"product_cat-wydruki","9":"pa_painting-size-100x80","10":"pa_painting-size-50x40","11":"pa_painting-type-oryginalny","12":"pa_painting-type-wydruk-na-papierze","13":"pa_painting-type-wydruk-na-plotnie","15":"first","16":"instock","17":"taxable","18":"shipping-taxable","19":"purchasable","20":"product-type-variable","21":"has-default-attributes"},"acf":[],"_links":{"self":[{"href":"https:\/\/magdalenagalecka.com\/pl\/wp-json\/wp\/v2\/product\/7635","targetHints":{"allow":["GET"]}}],"collection":[{"href":"https:\/\/magdalenagalecka.com\/pl\/wp-json\/wp\/v2\/product"}],"about":[{"href":"https:\/\/magdalenagalecka.com\/pl\/wp-json\/wp\/v2\/types\/product"}],"replies":[{"embeddable":true,"href":"https:\/\/magdalenagalecka.com\/pl\/wp-json\/wp\/v2\/comments?post=7635"}],"version-history":[{"count":0,"href":"https:\/\/magdalenagalecka.com\/pl\/wp-json\/wp\/v2\/product\/7635\/revisions"}],"wp:featuredmedia":[{"embeddable":true,"href":"https:\/\/magdalenagalecka.com\/pl\/wp-json\/wp\/v2\/media\/16445"}],"wp:attachment":[{"href":"https:\/\/magdalenagalecka.com\/pl\/wp-json\/wp\/v2\/media?parent=7635"}],"wp:term":[{"taxonomy":"product_brand","embeddable":true,"href":"https:\/\/magdalenagalecka.com\/pl\/wp-json\/wp\/v2\/product_brand?post=7635"},{"taxonomy":"product_cat","embeddable":true,"href":"https:\/\/magdalenagalecka.com\/pl\/wp-json\/wp\/v2\/product_cat?post=7635"},{"taxonomy":"product_tag","embeddable":true,"href":"https:\/\/magdalenagalecka.com\/pl\/wp-json\/wp\/v2\/product_tag?post=7635"}],"curies":[{"name":"wp","href":"https:\/\/api.w.org\/{rel}","templated":true}]}}