{"id":7623,"date":"2024-11-19T07:09:20","date_gmt":"2024-11-19T07:09:20","guid":{"rendered":"https:\/\/magdalenagalecka.com\/?post_type=product&#038;p=7623"},"modified":"2025-08-17T15:48:50","modified_gmt":"2025-08-17T15:48:50","slug":"zmiana-klimatu","status":"publish","type":"product","link":"https:\/\/magdalenagalecka.com\/pl\/zmiana-klimatu\/","title":{"rendered":"Zmiana Klimatu"},"content":{"rendered":"<p>Bogata paleta kolor\u00f3w, w kt\u00f3rej dynamiczne odcienie splataj\u0105 si\u0119 z \u0142agodnymi pastelami. Kompozycja wibruje \u017cyciem i pozytywn\u0105 energi\u0105, jednocze\u015bnie za\u015b zach\u0119ca do wewn\u0119trznej kontemplacji.\u00a0 Elementy natury i ruchu symbolizuj\u0105 nieustanny wzrost i rozkwit oraz maj\u0105 wywo\u0142a\u0107 uczucie dynamizmu i ci\u0105g\u0142ej ewolucji, jakie obserwujemy w przyrodzie. Tytu\u0142 odnosi si\u0119 do wewn\u0119trznej przemiany i p\u0142ynno\u015bci ludzkiego do\u015bwiadczenia.<\/p>\n<p>Obraz ma by\u0107 \u017ar\u00f3d\u0142em pozytywnej energii i przypomina\u0107, \u017ce rozw\u00f3j jest procesem, kt\u00f3ry ma sw\u00f3j rytm i kierunek, prowadz\u0105c do g\u0142\u0119bszego zrozumienia i wewn\u0119trznej harmonii.<\/p>","protected":false},"excerpt":{"rendered":"<p>Opis obrazu: Kompozycja \u0142\u0105czy dynamiczne odcienie z pastelami, tworz\u0105c pe\u0142n\u0105 \u017cycia i energii palet\u0119. Elementy natury i ruchu symbolizuj\u0105 rozw\u00f3j, ewolucj\u0119 oraz wewn\u0119trzn\u0105 przemian\u0119. Obraz emanuje pozytywn\u0105 energi\u0105, przypominaj\u0105c o harmonijnym rytmie i kierunku ludzkiego rozwoju.<\/p>","protected":false},"featured_media":16457,"comment_status":"open","ping_status":"closed","template":"","meta":{"_acf_changed":false},"product_brand":[],"product_cat":[157,298,312],"product_tag":[],"class_list":{"0":"post-7623","1":"product","2":"type-product","3":"status-publish","4":"has-post-thumbnail","6":"product_cat-butik","7":"product_cat-oryginalny","8":"product_cat-wydruki","9":"pa_painting-size-100x100","10":"pa_painting-size-50x50","11":"pa_painting-size-80x80","12":"pa_painting-type-oryginalny","13":"pa_painting-type-wydruk-na-papierze","14":"pa_painting-type-wydruk-na-plotnie","16":"first","17":"instock","18":"taxable","19":"shipping-taxable","20":"purchasable","21":"product-type-variable","22":"has-default-attributes"},"acf":[],"_links":{"self":[{"href":"https:\/\/magdalenagalecka.com\/pl\/wp-json\/wp\/v2\/product\/7623","targetHints":{"allow":["GET"]}}],"collection":[{"href":"https:\/\/magdalenagalecka.com\/pl\/wp-json\/wp\/v2\/product"}],"about":[{"href":"https:\/\/magdalenagalecka.com\/pl\/wp-json\/wp\/v2\/types\/product"}],"replies":[{"embeddable":true,"href":"https:\/\/magdalenagalecka.com\/pl\/wp-json\/wp\/v2\/comments?post=7623"}],"version-history":[{"count":0,"href":"https:\/\/magdalenagalecka.com\/pl\/wp-json\/wp\/v2\/product\/7623\/revisions"}],"wp:featuredmedia":[{"embeddable":true,"href":"https:\/\/magdalenagalecka.com\/pl\/wp-json\/wp\/v2\/media\/16457"}],"wp:attachment":[{"href":"https:\/\/magdalenagalecka.com\/pl\/wp-json\/wp\/v2\/media?parent=7623"}],"wp:term":[{"taxonomy":"product_brand","embeddable":true,"href":"https:\/\/magdalenagalecka.com\/pl\/wp-json\/wp\/v2\/product_brand?post=7623"},{"taxonomy":"product_cat","embeddable":true,"href":"https:\/\/magdalenagalecka.com\/pl\/wp-json\/wp\/v2\/product_cat?post=7623"},{"taxonomy":"product_tag","embeddable":true,"href":"https:\/\/magdalenagalecka.com\/pl\/wp-json\/wp\/v2\/product_tag?post=7623"}],"curies":[{"name":"wp","href":"https:\/\/api.w.org\/{rel}","templated":true}]}}