{"id":7616,"date":"2024-11-19T06:58:36","date_gmt":"2024-11-19T06:58:36","guid":{"rendered":"https:\/\/magdalenagalecka.com\/?post_type=product&#038;p=7616"},"modified":"2025-08-26T17:40:27","modified_gmt":"2025-08-26T17:40:27","slug":"lzy","status":"publish","type":"product","link":"https:\/\/magdalenagalecka.com\/pl\/lzy\/","title":{"rendered":"\u0141zy"},"content":{"rendered":"<p>Obraz\u00a0<strong>\u201e\u0141zy\u201d<\/strong>\u00a0ukazuje palet\u0119 \u017cywych, pulsuj\u0105cych \u017cyciem kolor\u00f3w. Dominuj\u0105 tu odcienie natury \u2013 od delikatnych, pastelowych ton\u00f3w po intensywne barwy zieleni, przeplatane r\u00f3\u017cnorodnymi odcieniami niebieskiego.<\/p>\n<p>Przekaz obrazu odnosi si\u0119 do symbolicznej roli \u0142ez w naszym \u017cyciu. Rzeka oraz jeziora \u0142ez, przedstawione w abstrakcyjnych formach, symbolizuj\u0105 proces oczyszczania, uzdrawiania oraz wzrostu. \u0141zy, kt\u00f3re zazwyczaj kojarz\u0105 si\u0119 z b\u00f3lem i smutkiem, tutaj odkrywaj\u0105 swoj\u0105 buduj\u0105c\u0105 stron\u0119 \u2013 nawadniaj\u0105, od\u017cywiaj\u0105 i prowadz\u0105 do odrodzenia.<\/p>\n<p>Podobnie jak w naturze woda obmywa i przynosi \u017cycie, tak w \u017cyciu \u0142zy, jak sugeruje artystka, pozwalaj\u0105 nam przej\u015b\u0107 przez trudne chwile, by ostatecznie odnale\u017a\u0107 now\u0105 si\u0142\u0119. \u201e<strong>\u0141zy<\/strong>\u201d to opowie\u015b\u0107 o wewn\u0119trznej mocy drzemi\u0105cej w ka\u017cdym z nas, o uzdrawiaj\u0105cej pot\u0119dze emocji i o tym, jak ka\u017cde do\u015bwiadczenie mo\u017ce sta\u0107 si\u0119 \u017ar\u00f3d\u0142em duchowego wzrostu i nowego pocz\u0105tku.<\/p>","protected":false},"excerpt":{"rendered":"<p>&#8220;<strong>\u0141zy<\/strong>&#8221; to obraz ukazuj\u0105cy palet\u0119 barw natury \u2013 od pastelowych odcieni po intensywn\u0105 ziele\u0144 i b\u0142\u0119kity. Symbolizuje oczyszczaj\u0105c\u0105 i uzdrawiaj\u0105c\u0105 rol\u0119 \u0142ez, kt\u00f3re nawadniaj\u0105 i od\u017cywiaj\u0105, prowadz\u0105c do odrodzenia. Przekaz obrazu podkre\u015bla wewn\u0119trzn\u0105 si\u0142\u0119 emocji i ich zdolno\u015b\u0107 do wspierania duchowego wzrostu oraz nowego pocz\u0105tku.<\/p>","protected":false},"featured_media":16466,"comment_status":"open","ping_status":"closed","template":"","meta":{"_acf_changed":false},"product_brand":[],"product_cat":[157,298,312],"product_tag":[],"class_list":{"0":"post-7616","1":"product","2":"type-product","3":"status-publish","4":"has-post-thumbnail","6":"product_cat-butik","7":"product_cat-oryginalny","8":"product_cat-wydruki","9":"pa_painting-size-40x50","10":"pa_painting-size-80x100","11":"pa_painting-type-oryginalny","12":"pa_painting-type-wydruk-na-papierze","13":"pa_painting-type-wydruk-na-plotnie","15":"first","16":"instock","17":"taxable","18":"shipping-taxable","19":"purchasable","20":"product-type-variable","21":"has-default-attributes"},"acf":[],"_links":{"self":[{"href":"https:\/\/magdalenagalecka.com\/pl\/wp-json\/wp\/v2\/product\/7616","targetHints":{"allow":["GET"]}}],"collection":[{"href":"https:\/\/magdalenagalecka.com\/pl\/wp-json\/wp\/v2\/product"}],"about":[{"href":"https:\/\/magdalenagalecka.com\/pl\/wp-json\/wp\/v2\/types\/product"}],"replies":[{"embeddable":true,"href":"https:\/\/magdalenagalecka.com\/pl\/wp-json\/wp\/v2\/comments?post=7616"}],"version-history":[{"count":0,"href":"https:\/\/magdalenagalecka.com\/pl\/wp-json\/wp\/v2\/product\/7616\/revisions"}],"wp:featuredmedia":[{"embeddable":true,"href":"https:\/\/magdalenagalecka.com\/pl\/wp-json\/wp\/v2\/media\/16466"}],"wp:attachment":[{"href":"https:\/\/magdalenagalecka.com\/pl\/wp-json\/wp\/v2\/media?parent=7616"}],"wp:term":[{"taxonomy":"product_brand","embeddable":true,"href":"https:\/\/magdalenagalecka.com\/pl\/wp-json\/wp\/v2\/product_brand?post=7616"},{"taxonomy":"product_cat","embeddable":true,"href":"https:\/\/magdalenagalecka.com\/pl\/wp-json\/wp\/v2\/product_cat?post=7616"},{"taxonomy":"product_tag","embeddable":true,"href":"https:\/\/magdalenagalecka.com\/pl\/wp-json\/wp\/v2\/product_tag?post=7616"}],"curies":[{"name":"wp","href":"https:\/\/api.w.org\/{rel}","templated":true}]}}