{"id":7581,"date":"2024-11-22T14:46:48","date_gmt":"2024-11-22T14:46:48","guid":{"rendered":"https:\/\/magdalenagalecka.com\/?post_type=product&#038;p=7581"},"modified":"2025-09-10T15:23:49","modified_gmt":"2025-09-10T15:23:49","slug":"zaufanie","status":"publish","type":"product","link":"https:\/\/magdalenagalecka.com\/pl\/zaufanie\/","title":{"rendered":"Zaufanie"},"content":{"rendered":"<p>Przekaz obrazu\u00a0<strong>\u201eZaufanie\u201d<\/strong>\u00a0odwo\u0142uje si\u0119 do idei ufno\u015bci i spokoju w obliczu nieznanego. Spokojnie \u015bpi\u0105ca kobieta, otoczona tajemniczym pejza\u017cem, symbolizuje akceptacj\u0119 i ufno\u015b\u0107 wobec \u017cyciowej podr\u00f3\u017cy. Cho\u0107 nie wiadomo, gdzie si\u0119 znajduje ani dok\u0105d zmierza, jej postawa wyra\u017ca pe\u0142ne poddanie si\u0119 chwili i brak l\u0119ku przed tym, co nieznane. Bohaterka jest bosa, co podkre\u015bla jej krucho\u015b\u0107 i nasze codzienne troski, zmartwienia i braki. \u017bycie mo\u017ce by\u0107 dobre, nawet gdy nie mamy wszystkiego, czego pragniemy.<\/p>\n<p>Obraz niesie przes\u0142anie o zaufaniu do \u017cycia i proces\u00f3w, kt\u00f3re prowadz\u0105 nas w nieznane \u2013 nawet je\u015bli nie dostrzegamy jeszcze drogi, mo\u017cemy odnale\u017a\u0107 spok\u00f3j i pewno\u015b\u0107, \u017ce wszystko dzieje si\u0119 we w\u0142a\u015bciwym czasie i miejscu.<br \/>\n\u201eZaufanie\u201d to wizualna opowie\u015b\u0107 o wewn\u0119trznym spokoju i gotowo\u015bci na poddanie si\u0119 \u017cyciowym wyzwaniom z ufno\u015bci\u0105 i akceptacj\u0105.<\/p>","protected":false},"excerpt":{"rendered":"<p>&#8220;<strong>Zaufanie<\/strong>&#8221; to obraz, kt\u00f3ry symbolizuje spok\u00f3j i zaufanie w obliczu nieznanego. Przedstawia spokojnie \u015bpi\u0105c\u0105 kobiet\u0119, boso w tajemniczym pejza\u017cu, co podkre\u015bla krucho\u015b\u0107 i akceptacj\u0119 \u017cyciowej podr\u00f3\u017cy. Przekazuje przes\u0142anie o odnalezieniu wewn\u0119trznego spokoju i pewno\u015bci, \u017ce wszystko dzieje si\u0119 w odpowiednim czasie i miejscu, nawet gdy droga jest niewidoczna.<\/p>","protected":false},"featured_media":16380,"comment_status":"open","ping_status":"closed","template":"","meta":{"_acf_changed":false},"product_brand":[],"product_cat":[157,298,312],"product_tag":[],"class_list":{"0":"post-7581","1":"product","2":"type-product","3":"status-publish","4":"has-post-thumbnail","6":"product_cat-butik","7":"product_cat-oryginalny","8":"product_cat-wydruki","9":"pa_painting-size-80x60","10":"pa_painting-type-oryginalny","11":"pa_painting-type-wydruk-na-papierze","12":"pa_painting-type-wydruk-na-plotnie","14":"first","15":"instock","16":"taxable","17":"shipping-taxable","18":"purchasable","19":"product-type-variable","20":"has-default-attributes"},"acf":[],"_links":{"self":[{"href":"https:\/\/magdalenagalecka.com\/pl\/wp-json\/wp\/v2\/product\/7581","targetHints":{"allow":["GET"]}}],"collection":[{"href":"https:\/\/magdalenagalecka.com\/pl\/wp-json\/wp\/v2\/product"}],"about":[{"href":"https:\/\/magdalenagalecka.com\/pl\/wp-json\/wp\/v2\/types\/product"}],"replies":[{"embeddable":true,"href":"https:\/\/magdalenagalecka.com\/pl\/wp-json\/wp\/v2\/comments?post=7581"}],"version-history":[{"count":0,"href":"https:\/\/magdalenagalecka.com\/pl\/wp-json\/wp\/v2\/product\/7581\/revisions"}],"wp:featuredmedia":[{"embeddable":true,"href":"https:\/\/magdalenagalecka.com\/pl\/wp-json\/wp\/v2\/media\/16380"}],"wp:attachment":[{"href":"https:\/\/magdalenagalecka.com\/pl\/wp-json\/wp\/v2\/media?parent=7581"}],"wp:term":[{"taxonomy":"product_brand","embeddable":true,"href":"https:\/\/magdalenagalecka.com\/pl\/wp-json\/wp\/v2\/product_brand?post=7581"},{"taxonomy":"product_cat","embeddable":true,"href":"https:\/\/magdalenagalecka.com\/pl\/wp-json\/wp\/v2\/product_cat?post=7581"},{"taxonomy":"product_tag","embeddable":true,"href":"https:\/\/magdalenagalecka.com\/pl\/wp-json\/wp\/v2\/product_tag?post=7581"}],"curies":[{"name":"wp","href":"https:\/\/api.w.org\/{rel}","templated":true}]}}