{"id":17444,"date":"2026-02-16T22:06:26","date_gmt":"2026-02-16T22:06:26","guid":{"rendered":"https:\/\/magdalenagalecka.com\/?post_type=product&#038;p=17444"},"modified":"2026-02-16T22:12:00","modified_gmt":"2026-02-16T22:12:00","slug":"dom-ze-swiatla","status":"publish","type":"product","link":"https:\/\/magdalenagalecka.com\/pl\/dom-ze-swiatla\/","title":{"rendered":"Dom ze \u015bwiat\u0142a"},"content":{"rendered":"<p><strong><em data-start=\"121\" data-end=\"135\">&#8220;Dom ze \u015bwiat\u0142a&#8221;<\/em><\/strong> utrzymany jest w ciep\u0142ej, miodowo-z\u0142otej tonacji, kt\u00f3ra nadaje ca\u0142ej scenie poczucie bezpiecze\u0144stwa i blisko\u015bci. \u015awiat\u0142o s\u0105czy si\u0119 mi\u0119kko z wn\u0119trza, wype\u0142nia przestrze\u0144 delikatnym blaskiem i stapia wszystkie elementy w harmonijn\u0105 ca\u0142o\u015b\u0107. Ciep\u0142e odcienie ochry, bursztynu i przygaszonej czerwieni buduj\u0105 atmosfer\u0119 domowego spokoju.<\/p>\n<p>Blask nie jest tu jedynie t\u0142em \u2013 staje si\u0119 symbolem relacji, czu\u0142o\u015bci i wsp\u00f3lnoty. Subtelne \u015bwietlne akcenty tworz\u0105 wra\u017cenie ruchu i rado\u015bci, jakby energia chwili unosi\u0142a si\u0119 w powietrzu. Wn\u0119trze nabiera niemal magicznego charakteru, a codzienno\u015b\u0107 zostaje przemieniona w co\u015b wyj\u0105tkowego.<\/p>\n<p>Autorka poprzez t\u0119 prac\u0119 opowiada o domu jako przestrzeni \u015bwiat\u0142a \u2013 nie tylko fizycznego, lecz przede wszystkim emocjonalnego. To \u015bwiat\u0142o blisko\u015bci, obecno\u015bci i ciep\u0142a, kt\u00f3re roz\u015bwietla najprostsze momenty i sprawia, \u017ce zwyk\u0142a chwila staje si\u0119 pe\u0142na znaczenia.<\/p>","protected":false},"excerpt":{"rendered":"<p>&#8220;Dom ze \u015bwiat\u0142a&#8221; utrzymany jest w ciep\u0142ej, miodowo-z\u0142otej tonacji, kt\u00f3ra nadaje ca\u0142ej scenie poczucie bezpiecze\u0144stwa i blisko\u015bci. \u015awiat\u0142o s\u0105czy si\u0119 mi\u0119kko z wn\u0119trza, wype\u0142nia przestrze\u0144 delikatnym blaskiem i stapia wszystkie elementy w harmonijn\u0105 ca\u0142o\u015b\u0107. Ciep\u0142e odcienie ochry, bursztynu i przygaszonej czerwieni buduj\u0105 atmosfer\u0119 domowego spokoju. Blask nie jest tu jedynie t\u0142em \u2013 staje si\u0119 symbolem [&hellip;]<\/p>\n","protected":false},"featured_media":17410,"comment_status":"open","ping_status":"closed","template":"","meta":{"_acf_changed":false},"product_brand":[],"product_cat":[157,298,312],"product_tag":[],"class_list":{"0":"post-17444","1":"product","2":"type-product","3":"status-publish","4":"has-post-thumbnail","6":"product_cat-butik","7":"product_cat-oryginalny","8":"product_cat-wydruki","9":"pa_painting-size-80x60","10":"pa_painting-type-oryginalny","11":"pa_painting-type-wydruk-na-papierze","12":"pa_painting-type-wydruk-na-plotnie","14":"first","15":"instock","16":"taxable","17":"shipping-taxable","18":"purchasable","19":"product-type-variable","20":"has-default-attributes"},"acf":[],"_links":{"self":[{"href":"https:\/\/magdalenagalecka.com\/pl\/wp-json\/wp\/v2\/product\/17444","targetHints":{"allow":["GET"]}}],"collection":[{"href":"https:\/\/magdalenagalecka.com\/pl\/wp-json\/wp\/v2\/product"}],"about":[{"href":"https:\/\/magdalenagalecka.com\/pl\/wp-json\/wp\/v2\/types\/product"}],"replies":[{"embeddable":true,"href":"https:\/\/magdalenagalecka.com\/pl\/wp-json\/wp\/v2\/comments?post=17444"}],"version-history":[{"count":5,"href":"https:\/\/magdalenagalecka.com\/pl\/wp-json\/wp\/v2\/product\/17444\/revisions"}],"predecessor-version":[{"id":17457,"href":"https:\/\/magdalenagalecka.com\/pl\/wp-json\/wp\/v2\/product\/17444\/revisions\/17457"}],"wp:featuredmedia":[{"embeddable":true,"href":"https:\/\/magdalenagalecka.com\/pl\/wp-json\/wp\/v2\/media\/17410"}],"wp:attachment":[{"href":"https:\/\/magdalenagalecka.com\/pl\/wp-json\/wp\/v2\/media?parent=17444"}],"wp:term":[{"taxonomy":"product_brand","embeddable":true,"href":"https:\/\/magdalenagalecka.com\/pl\/wp-json\/wp\/v2\/product_brand?post=17444"},{"taxonomy":"product_cat","embeddable":true,"href":"https:\/\/magdalenagalecka.com\/pl\/wp-json\/wp\/v2\/product_cat?post=17444"},{"taxonomy":"product_tag","embeddable":true,"href":"https:\/\/magdalenagalecka.com\/pl\/wp-json\/wp\/v2\/product_tag?post=17444"}],"curies":[{"name":"wp","href":"https:\/\/api.w.org\/{rel}","templated":true}]}}