{"id":17434,"date":"2026-02-16T22:02:04","date_gmt":"2026-02-16T22:02:04","guid":{"rendered":"https:\/\/magdalenagalecka.com\/?post_type=product&#038;p=17434"},"modified":"2026-02-16T22:31:42","modified_gmt":"2026-02-16T22:31:42","slug":"cieply-dzien-3","status":"publish","type":"product","link":"https:\/\/magdalenagalecka.com\/pl\/cieply-dzien-3\/","title":{"rendered":"Ciep\u0142y dzie\u0144 3"},"content":{"rendered":"<p>Utrzymany w ciep\u0142ej, z\u0142ocistej tonacji obraz <strong><em data-start=\"121\" data-end=\"135\">&#8220;Ciep\u0142y Dzie\u0144 3&#8221;<\/em><\/strong> emanuje spokojem i mi\u0119kk\u0105 energi\u0105 letniego popo\u0142udnia. \u015awiat\u0142o nie jest tu jedynie elementem kompozycji \u2013 staje si\u0119 g\u0142\u00f3wnym bohaterem, przenikaj\u0105cym przestrze\u0144 i nadaj\u0105cym jej jednolity, koj\u0105cy rytm. Rozproszone promienie buduj\u0105 atmosfer\u0119 blisko\u015bci, ciszy i chwilowego zatrzymania.<\/p>\n<p>Dominuj\u0105ce \u017c\u00f3\u0142cie i miodowe odcienie otulaj\u0105 ca\u0142o\u015b\u0107 subteln\u0105 aur\u0105 nostalgii. Ciep\u0142o zdaje si\u0119 niemal namacalne, jak wspomnienie dnia, kt\u00f3ry nie chce si\u0119 sko\u0144czy\u0107. To opowie\u015b\u0107 o prostym szcz\u0119\u015bciu \u2013 o momentach, kt\u00f3re nie potrzebuj\u0105 wielkich wydarze\u0144, by nabra\u0107 znaczenia.<\/p>\n<p>Autorka poprzez t\u0119 prac\u0119 wyra\u017ca zachwyt nad \u015bwiat\u0142em jako \u017ar\u00f3d\u0142em emocji. S\u0142o\u0144ce staje si\u0119 symbolem wewn\u0119trznej harmonii i pozytywnej energii, kt\u00f3ra potrafi przemieni\u0107 zwyk\u0142\u0105 chwil\u0119 w do\u015bwiadczenie pe\u0142ne spokoju i wdzi\u0119czno\u015bci.<\/p>","protected":false},"excerpt":{"rendered":"<p>Utrzymany w ciep\u0142ej, z\u0142ocistej tonacji obraz &#8220;Ciep\u0142y Dzie\u0144 3&#8221; emanuje spokojem i mi\u0119kk\u0105 energi\u0105 letniego popo\u0142udnia. \u015awiat\u0142o nie jest tu jedynie elementem kompozycji \u2013 staje si\u0119 g\u0142\u00f3wnym bohaterem, przenikaj\u0105cym przestrze\u0144 i nadaj\u0105cym jej jednolity, koj\u0105cy rytm. Rozproszone promienie buduj\u0105 atmosfer\u0119 blisko\u015bci, ciszy i chwilowego zatrzymania. Dominuj\u0105ce \u017c\u00f3\u0142cie i miodowe odcienie otulaj\u0105 ca\u0142o\u015b\u0107 subteln\u0105 aur\u0105 nostalgii. [&hellip;]<\/p>\n","protected":false},"featured_media":17406,"comment_status":"open","ping_status":"closed","template":"","meta":{"_acf_changed":false},"product_brand":[],"product_cat":[157,312],"product_tag":[],"class_list":{"0":"post-17434","1":"product","2":"type-product","3":"status-publish","4":"has-post-thumbnail","6":"product_cat-butik","7":"product_cat-wydruki","8":"pa_painting-size-80x60","9":"pa_painting-type-oryginalny","10":"pa_painting-type-wydruk-na-papierze","11":"pa_painting-type-wydruk-na-plotnie","13":"first","14":"instock","15":"taxable","16":"shipping-taxable","17":"purchasable","18":"product-type-variable","19":"has-default-attributes"},"acf":[],"_links":{"self":[{"href":"https:\/\/magdalenagalecka.com\/pl\/wp-json\/wp\/v2\/product\/17434","targetHints":{"allow":["GET"]}}],"collection":[{"href":"https:\/\/magdalenagalecka.com\/pl\/wp-json\/wp\/v2\/product"}],"about":[{"href":"https:\/\/magdalenagalecka.com\/pl\/wp-json\/wp\/v2\/types\/product"}],"replies":[{"embeddable":true,"href":"https:\/\/magdalenagalecka.com\/pl\/wp-json\/wp\/v2\/comments?post=17434"}],"version-history":[{"count":3,"href":"https:\/\/magdalenagalecka.com\/pl\/wp-json\/wp\/v2\/product\/17434\/revisions"}],"predecessor-version":[{"id":17463,"href":"https:\/\/magdalenagalecka.com\/pl\/wp-json\/wp\/v2\/product\/17434\/revisions\/17463"}],"wp:featuredmedia":[{"embeddable":true,"href":"https:\/\/magdalenagalecka.com\/pl\/wp-json\/wp\/v2\/media\/17406"}],"wp:attachment":[{"href":"https:\/\/magdalenagalecka.com\/pl\/wp-json\/wp\/v2\/media?parent=17434"}],"wp:term":[{"taxonomy":"product_brand","embeddable":true,"href":"https:\/\/magdalenagalecka.com\/pl\/wp-json\/wp\/v2\/product_brand?post=17434"},{"taxonomy":"product_cat","embeddable":true,"href":"https:\/\/magdalenagalecka.com\/pl\/wp-json\/wp\/v2\/product_cat?post=17434"},{"taxonomy":"product_tag","embeddable":true,"href":"https:\/\/magdalenagalecka.com\/pl\/wp-json\/wp\/v2\/product_tag?post=17434"}],"curies":[{"name":"wp","href":"https:\/\/api.w.org\/{rel}","templated":true}]}}