{"id":16357,"date":"2026-02-16T19:23:22","date_gmt":"2026-02-16T19:23:22","guid":{"rendered":"https:\/\/magdalenagalecka.com\/?post_type=product&#038;p=16357"},"modified":"2026-02-16T21:46:19","modified_gmt":"2026-02-16T21:46:19","slug":"cieply-dzien","status":"publish","type":"product","link":"https:\/\/magdalenagalecka.com\/pl\/cieply-dzien\/","title":{"rendered":"Ciep\u0142y dzie\u0144"},"content":{"rendered":"<p>Utrzymany w ciep\u0142ej, z\u0142ocistej tonacji, <strong><em data-start=\"121\" data-end=\"135\">&#8220;Ciep\u0142y dzie\u0144&#8221;<\/em><\/strong> przedstawia fragment spokojnej ulicy sk\u0105panej w intensywnym \u015bwietle popo\u0142udniowego s\u0142o\u0144ca. Delikatne, rozproszone promienie otulaj\u0105 budynki, drzewa, ludzi i zwierz\u0119ta, nadaj\u0105c scenie mi\u0119kko\u015bci. \u017b\u00f3\u0142cie i z\u0142ota przenikaj\u0105 ca\u0142\u0105 kompozycj\u0119, tworz\u0105c atmosfer\u0119 przyjemnego ciep\u0142a i spokoju. Ka\u017cdy element \u2013 od cienistych ga\u0142\u0119zi drzew po odbicia na asfaltowej nawierzchni \u2013 wydaje si\u0119 zanurzony w tym samym \u015bwietlistym rytmie.<\/p>\n<p>Autorka poprzez ten obraz chcia\u0142a wyrazi\u0107 swoj\u0105 mi\u0142o\u015b\u0107 do s\u0142o\u0144ca \u2013 tego codziennego, prostego zjawiska, kt\u00f3re potrafi poprawi\u0107 nastr\u00f3j, odmieni\u0107 zwyk\u0142y dzie\u0144 i nape\u0142ni\u0107 go pozytywn\u0105 energi\u0105. Bo gdy zmienia si\u0119 \u015bwiat\u0142o, zmienia si\u0119 tak\u017ce energia dnia i ludzi, kt\u00f3rzy w nim uczestnicz\u0105.<\/p>","protected":false},"excerpt":{"rendered":"<p>Utrzymany w ciep\u0142ej, z\u0142ocistej tonacji, &#8220;Ciep\u0142y dzie\u0144&#8221; przedstawia fragment spokojnej ulicy sk\u0105panej w intensywnym \u015bwietle popo\u0142udniowego s\u0142o\u0144ca. Delikatne, rozproszone promienie otulaj\u0105 budynki, drzewa, ludzi i zwierz\u0119ta, nadaj\u0105c scenie mi\u0119kko\u015bci. \u017b\u00f3\u0142cie i z\u0142ota przenikaj\u0105 ca\u0142\u0105 kompozycj\u0119, tworz\u0105c atmosfer\u0119 przyjemnego ciep\u0142a i spokoju. Ka\u017cdy element \u2013 od cienistych ga\u0142\u0119zi drzew po odbicia na asfaltowej nawierzchni \u2013 wydaje [&hellip;]<\/p>\n","protected":false},"featured_media":16488,"comment_status":"open","ping_status":"closed","template":"","meta":{"_acf_changed":false},"product_brand":[],"product_cat":[157,312],"product_tag":[],"class_list":{"0":"post-16357","1":"product","2":"type-product","3":"status-publish","4":"has-post-thumbnail","6":"product_cat-butik","7":"product_cat-wydruki","8":"pa_painting-size-80x60","9":"pa_painting-type-oryginalny","10":"pa_painting-type-wydruk-na-papierze","11":"pa_painting-type-wydruk-na-plotnie","13":"first","14":"instock","15":"taxable","16":"shipping-taxable","17":"purchasable","18":"product-type-variable","19":"has-default-attributes"},"acf":[],"_links":{"self":[{"href":"https:\/\/magdalenagalecka.com\/pl\/wp-json\/wp\/v2\/product\/16357","targetHints":{"allow":["GET"]}}],"collection":[{"href":"https:\/\/magdalenagalecka.com\/pl\/wp-json\/wp\/v2\/product"}],"about":[{"href":"https:\/\/magdalenagalecka.com\/pl\/wp-json\/wp\/v2\/types\/product"}],"replies":[{"embeddable":true,"href":"https:\/\/magdalenagalecka.com\/pl\/wp-json\/wp\/v2\/comments?post=16357"}],"version-history":[{"count":2,"href":"https:\/\/magdalenagalecka.com\/pl\/wp-json\/wp\/v2\/product\/16357\/revisions"}],"predecessor-version":[{"id":17433,"href":"https:\/\/magdalenagalecka.com\/pl\/wp-json\/wp\/v2\/product\/16357\/revisions\/17433"}],"wp:featuredmedia":[{"embeddable":true,"href":"https:\/\/magdalenagalecka.com\/pl\/wp-json\/wp\/v2\/media\/16488"}],"wp:attachment":[{"href":"https:\/\/magdalenagalecka.com\/pl\/wp-json\/wp\/v2\/media?parent=16357"}],"wp:term":[{"taxonomy":"product_brand","embeddable":true,"href":"https:\/\/magdalenagalecka.com\/pl\/wp-json\/wp\/v2\/product_brand?post=16357"},{"taxonomy":"product_cat","embeddable":true,"href":"https:\/\/magdalenagalecka.com\/pl\/wp-json\/wp\/v2\/product_cat?post=16357"},{"taxonomy":"product_tag","embeddable":true,"href":"https:\/\/magdalenagalecka.com\/pl\/wp-json\/wp\/v2\/product_tag?post=16357"}],"curies":[{"name":"wp","href":"https:\/\/api.w.org\/{rel}","templated":true}]}}