{"id":16339,"date":"2025-08-11T15:05:39","date_gmt":"2025-08-11T15:05:39","guid":{"rendered":"https:\/\/magdalenagalecka.com\/?post_type=product&#038;p=16339"},"modified":"2025-08-26T17:06:37","modified_gmt":"2025-08-26T17:06:37","slug":"pastelowe-wzgorza","status":"publish","type":"product","link":"https:\/\/magdalenagalecka.com\/pl\/pastelowe-wzgorza\/","title":{"rendered":"Pastelowe Wzg\u00f3rza"},"content":{"rendered":"<p>Pastelowa paleta obrazu obejmuje odcienie b\u0142\u0119kitu, r\u00f3\u017cu, be\u017cu i kremu, prze\u0142amane subteln\u0105 nut\u0105 zieleni. Barwy nak\u0142adaj\u0105 si\u0119 w delikatny spos\u00f3b, tworz\u0105c mi\u0119kkie, nieostre granice i naturalne przej\u015bcia. \u0141agodne i p\u0142ynne zmiany ton\u00f3w nadaj\u0105 ca\u0142o\u015bci harmonijny, mi\u0119kki charakter.<\/p>\n<p>To praca, kt\u00f3ra potrafi subtelnie rozja\u015bni\u0107 wn\u0119trze, wprowadzaj\u0105c do niego \u015bwie\u017co\u015b\u0107 i przyjazn\u0105 atmosfer\u0119. Kompozycja optycznie powi\u0119ksza przestrze\u0144, a subtelne faktury i przej\u015bcia tonalne przyci\u0105gaj\u0105 wzrok, pozostaj\u0105c na tyle stonowane, by obraz m\u00f3g\u0142 sta\u0107 si\u0119 naturaln\u0105 cz\u0119\u015bci\u0105 aran\u017cacji. W tej pracy mo\u017cna odnale\u017a\u0107 zar\u00f3wno spok\u00f3j, jak i pozytywn\u0105 energi\u0119 \u2013 efekt uzyskany dzi\u0119ki starannemu doborowi kolor\u00f3w i wywa\u017ceniu kontrast\u00f3w.<br \/>\nAutorka chcia\u0142a, aby zestawienie tych odcieni by\u0142o \u017ar\u00f3d\u0142em codziennej, \u0142agodnej energii.<\/p>","protected":false},"excerpt":{"rendered":"<p>Pastelowa paleta obrazu obejmuje odcienie b\u0142\u0119kitu, r\u00f3\u017cu, be\u017cu i kremu, prze\u0142amane subteln\u0105 nut\u0105 zieleni. Barwy nak\u0142adaj\u0105 si\u0119 w delikatny spos\u00f3b, tworz\u0105c mi\u0119kkie, nieostre granice i naturalne przej\u015bcia. \u0141agodne i p\u0142ynne zmiany ton\u00f3w nadaj\u0105 ca\u0142o\u015bci harmonijny, mi\u0119kki charakter. To praca, kt\u00f3ra potrafi subtelnie rozja\u015bni\u0107 wn\u0119trze, wprowadzaj\u0105c do niego \u015bwie\u017co\u015b\u0107 i przyjazn\u0105 atmosfer\u0119. Kompozycja optycznie powi\u0119ksza przestrze\u0144, [&hellip;]<\/p>\n","protected":false},"featured_media":16542,"comment_status":"open","ping_status":"closed","template":"","meta":{"_acf_changed":false},"product_brand":[],"product_cat":[157,298,312],"product_tag":[],"class_list":{"0":"post-16339","1":"product","2":"type-product","3":"status-publish","4":"has-post-thumbnail","6":"product_cat-butik","7":"product_cat-oryginalny","8":"product_cat-wydruki","9":"pa_painting-size-50x40","10":"pa_painting-size-80x100","11":"pa_painting-type-oryginalny","12":"pa_painting-type-wydruk-na-papierze","13":"pa_painting-type-wydruk-na-plotnie","15":"first","16":"instock","17":"taxable","18":"shipping-taxable","19":"purchasable","20":"product-type-variable","21":"has-default-attributes"},"acf":[],"_links":{"self":[{"href":"https:\/\/magdalenagalecka.com\/pl\/wp-json\/wp\/v2\/product\/16339","targetHints":{"allow":["GET"]}}],"collection":[{"href":"https:\/\/magdalenagalecka.com\/pl\/wp-json\/wp\/v2\/product"}],"about":[{"href":"https:\/\/magdalenagalecka.com\/pl\/wp-json\/wp\/v2\/types\/product"}],"replies":[{"embeddable":true,"href":"https:\/\/magdalenagalecka.com\/pl\/wp-json\/wp\/v2\/comments?post=16339"}],"version-history":[{"count":0,"href":"https:\/\/magdalenagalecka.com\/pl\/wp-json\/wp\/v2\/product\/16339\/revisions"}],"wp:featuredmedia":[{"embeddable":true,"href":"https:\/\/magdalenagalecka.com\/pl\/wp-json\/wp\/v2\/media\/16542"}],"wp:attachment":[{"href":"https:\/\/magdalenagalecka.com\/pl\/wp-json\/wp\/v2\/media?parent=16339"}],"wp:term":[{"taxonomy":"product_brand","embeddable":true,"href":"https:\/\/magdalenagalecka.com\/pl\/wp-json\/wp\/v2\/product_brand?post=16339"},{"taxonomy":"product_cat","embeddable":true,"href":"https:\/\/magdalenagalecka.com\/pl\/wp-json\/wp\/v2\/product_cat?post=16339"},{"taxonomy":"product_tag","embeddable":true,"href":"https:\/\/magdalenagalecka.com\/pl\/wp-json\/wp\/v2\/product_tag?post=16339"}],"curies":[{"name":"wp","href":"https:\/\/api.w.org\/{rel}","templated":true}]}}