{"id":12109,"date":"2025-03-18T17:14:32","date_gmt":"2025-03-18T17:14:32","guid":{"rendered":"https:\/\/magdalenagalecka.com\/?post_type=product&#038;p=12109"},"modified":"2025-08-26T17:08:01","modified_gmt":"2025-08-26T17:08:01","slug":"przywiazanie-do-przeszlosci","status":"publish","type":"product","link":"https:\/\/magdalenagalecka.com\/pl\/przywiazanie-do-przeszlosci\/","title":{"rendered":"Przywi\u0105zanie do przesz\u0142o\u015bci"},"content":{"rendered":"<p>Obraz\u00a0<strong>&#8220;Utkn\u0105\u0107 w przesz\u0142o\u015bci&#8221;<\/strong>\u00a0zanurza widza w tajemniczej, st\u0142umionej palecie barw. Dominuj\u0105 br\u0105zy i zielenie, przeplataj\u0105ce si\u0119 z m\u0119tnymi, ciemnymi tonami wody, kt\u00f3ra zdaje si\u0119 by\u0107 pozbawiona \u017cycia. Przezroczyste, z\u0142ocisto-zielone \u015bwiat\u0142o przebijaj\u0105ce si\u0119 przez otaczaj\u0105c\u0105 ro\u015blinno\u015b\u0107 wprowadza delikatny kontrast i nadaje kompozycji g\u0142\u0119bi\u0119.<\/p>\n<p>Przekaz obrazu odnosi si\u0119 do ludzkiej tendencji do rozpami\u0119tywania przesz\u0142o\u015bci, kt\u00f3ra, cho\u0107 czasami mo\u017ce wydawa\u0107 si\u0119 znajoma i kusz\u0105ca, jest jak m\u0119tna woda \u2013 pozbawiona energii, \u017cycia i \u015bwie\u017co\u015bci. Zapl\u0105tane w podwodn\u0105 ro\u015blinno\u015b\u0107 cia\u0142a symbolizuj\u0105 emocjonalne wi\u0119zy, kt\u00f3re nie pozwalaj\u0105 ruszy\u0107 naprz\u00f3d. Artystka wskazuje, \u017ce zanurzanie si\u0119 w przesz\u0142o\u015bci cz\u0119sto prowadzi do stagnacji, a jedyn\u0105 drog\u0105 do odnalezienia witalno\u015bci i nowych mo\u017cliwo\u015bci jest uwolnienie si\u0119 od minionych wydarze\u0144 i zanurzenie w &#8220;\u015bwie\u017cej wodzie&#8221; tera\u017aniejszo\u015bci.<\/p>\n<p>Obraz zaprasza widza do refleksji nad naszym przywi\u0105zaniem do przesz\u0142o\u015bci i przypomina, \u017ce \u017cycie, energia i odnowa mog\u0105 istnie\u0107 tylko w chwili obecnej. \u201eUtkn\u0105\u0107 w przesz\u0142o\u015bci\u201d to alegoria poszukiwania r\u00f3wnowagi mi\u0119dzy akceptacj\u0105 przesz\u0142o\u015bci a pe\u0142nym wykorzystaniem potencja\u0142u tera\u017aniejszo\u015bci.<\/p>","protected":false},"excerpt":{"rendered":"<p>Obraz\u00a0&#8220;Utkn\u0105\u0107 w przesz\u0142o\u015bci&#8221;\u00a0zanurza widza w tajemniczej, st\u0142umionej palecie barw. Dominuj\u0105 br\u0105zy i zielenie, przeplataj\u0105ce si\u0119 z m\u0119tnymi, ciemnymi tonami wody, kt\u00f3ra zdaje si\u0119 by\u0107 pozbawiona \u017cycia. Przezroczyste, z\u0142ocisto-zielone \u015bwiat\u0142o przebijaj\u0105ce si\u0119 przez otaczaj\u0105c\u0105 ro\u015blinno\u015b\u0107 wprowadza delikatny kontrast i nadaje kompozycji g\u0142\u0119bi\u0119. Przekaz obrazu odnosi si\u0119 do ludzkiej tendencji do rozpami\u0119tywania przesz\u0142o\u015bci, kt\u00f3ra, cho\u0107 czasami mo\u017ce [&hellip;]<\/p>\n","protected":false},"featured_media":16494,"comment_status":"open","ping_status":"closed","template":"","meta":{"_acf_changed":false},"product_brand":[],"product_cat":[157,298,312],"product_tag":[],"class_list":{"0":"post-12109","1":"product","2":"type-product","3":"status-publish","4":"has-post-thumbnail","6":"product_cat-butik","7":"product_cat-oryginalny","8":"product_cat-wydruki","9":"pa_painting-size-80x60","10":"pa_painting-type-oryginalny","11":"pa_painting-type-wydruk-na-papierze","12":"pa_painting-type-wydruk-na-plotnie","14":"first","15":"instock","16":"taxable","17":"shipping-taxable","18":"purchasable","19":"product-type-variable","20":"has-default-attributes"},"acf":[],"_links":{"self":[{"href":"https:\/\/magdalenagalecka.com\/pl\/wp-json\/wp\/v2\/product\/12109","targetHints":{"allow":["GET"]}}],"collection":[{"href":"https:\/\/magdalenagalecka.com\/pl\/wp-json\/wp\/v2\/product"}],"about":[{"href":"https:\/\/magdalenagalecka.com\/pl\/wp-json\/wp\/v2\/types\/product"}],"replies":[{"embeddable":true,"href":"https:\/\/magdalenagalecka.com\/pl\/wp-json\/wp\/v2\/comments?post=12109"}],"version-history":[{"count":0,"href":"https:\/\/magdalenagalecka.com\/pl\/wp-json\/wp\/v2\/product\/12109\/revisions"}],"wp:featuredmedia":[{"embeddable":true,"href":"https:\/\/magdalenagalecka.com\/pl\/wp-json\/wp\/v2\/media\/16494"}],"wp:attachment":[{"href":"https:\/\/magdalenagalecka.com\/pl\/wp-json\/wp\/v2\/media?parent=12109"}],"wp:term":[{"taxonomy":"product_brand","embeddable":true,"href":"https:\/\/magdalenagalecka.com\/pl\/wp-json\/wp\/v2\/product_brand?post=12109"},{"taxonomy":"product_cat","embeddable":true,"href":"https:\/\/magdalenagalecka.com\/pl\/wp-json\/wp\/v2\/product_cat?post=12109"},{"taxonomy":"product_tag","embeddable":true,"href":"https:\/\/magdalenagalecka.com\/pl\/wp-json\/wp\/v2\/product_tag?post=12109"}],"curies":[{"name":"wp","href":"https:\/\/api.w.org\/{rel}","templated":true}]}}