{"id":11245,"date":"2025-02-28T15:10:03","date_gmt":"2025-02-28T15:10:03","guid":{"rendered":"https:\/\/magdalenagalecka.com\/?post_type=product&#038;p=11245"},"modified":"2025-09-04T12:28:27","modified_gmt":"2025-09-04T12:28:27","slug":"rama","status":"publish","type":"product","link":"https:\/\/magdalenagalecka.com\/pl\/rama\/","title":{"rendered":"Rama aluminiowa &#8211; wydruki papier"},"content":{"rendered":"<p data-start=\"54\" data-end=\"252\">Nowoczesna i elegancka <strong data-start=\"77\" data-end=\"96\">aluminiowa rama<\/strong>, dost\u0119pna w kolorze <strong data-start=\"117\" data-end=\"139\">czarnym i srebrnym<\/strong>. Lekka, trwa\u0142a i odporna na wilgo\u0107 oraz zmiany temperatury, doskonale podkre\u015bla charakter prezentowanych prac.<\/p>\n<p data-start=\"254\" data-end=\"432\">Idealna do wydruk\u00f3w, plakat\u00f3w i certyfikat\u00f3w, zapewnia stabiln\u0105 i estetyczn\u0105 opraw\u0119, nadaj\u0105c obrazom g\u0142\u0119bi\u0119 i nowoczesny wygl\u0105d. Dost\u0119pna w wersji z <strong data-start=\"407\" data-end=\"429\">plexi standardowym<\/strong>.<\/p>\n<p data-start=\"434\" data-end=\"542\" data-is-last-node=\"\" data-is-only-node=\"\">\u015awietnie komponuje si\u0119 z nowoczesnymi i klasycznymi wn\u0119trzami, nadaj\u0105c ka\u017cdej pracy profesjonalny charakter.<\/p>\n<p><strong>Wa\u017cne!<\/strong> To jest rama, kt\u00f3r\u0105 mo\u017cna dodatkowo dokupi\u0107 do wydruku Gicl\u00e9e. Zdj\u0119cie ma charakter pogl\u0105dowy i nie zawiera samego wydruku. Ram\u0119 mo\u017cna zam\u00f3wi\u0107 tylko razem z zam\u00f3wieniem na wydruk.<\/p>","protected":false},"excerpt":{"rendered":"<h3 data-start=\"338\" data-end=\"363\"><strong data-start=\"342\" data-end=\"361\">Detale produktu<\/strong><\/h3>\n<ul data-start=\"364\" data-end=\"610\">\n<li data-start=\"364\" data-end=\"425\"><strong data-start=\"366\" data-end=\"379\">Materia\u0142:<\/strong> Aluminium o eleganckim, matowym wyko\u0144czeniu<\/li>\n<li data-start=\"426\" data-end=\"457\"><strong data-start=\"428\" data-end=\"439\">Kolory:<\/strong> Czarny, srebrny<\/li>\n<li data-start=\"458\" data-end=\"502\"><strong data-start=\"460\" data-end=\"480\">Przednia os\u0142ona:<\/strong> Przezroczysta plexi<\/li>\n<li data-start=\"503\" data-end=\"568\"><strong data-start=\"505\" data-end=\"522\">Zastosowanie:<\/strong> Do wydruk\u00f3w, plakat\u00f3w, zdj\u0119\u0107 i certyfikat\u00f3w<\/li>\n<li data-start=\"569\" data-end=\"610\"><strong data-start=\"571\" data-end=\"580\">Styl:<\/strong> Minimalistyczny, nowoczesny<\/li>\n<\/ul>\n<p data-start=\"612\" data-end=\"844\" data-is-last-node=\"\" data-is-only-node=\"\">Rama nadaje pracy profesjonalny wygl\u0105d, a jej subtelny profil podkre\u015bla estetyk\u0119 prezentowanego obrazu. \u015awietnie komponuje si\u0119 zar\u00f3wno z nowoczesnymi, jak i klasycznymi wn\u0119trzami, sprawiaj\u0105c, \u017ce ka\u017cda praca zyskuje eleganck\u0105 opraw\u0119.<\/p>","protected":false},"featured_media":16495,"comment_status":"open","ping_status":"closed","template":"","meta":{"_acf_changed":false},"product_brand":[],"product_cat":[157],"product_tag":[],"class_list":{"0":"post-11245","1":"product","2":"type-product","3":"status-publish","4":"has-post-thumbnail","6":"product_cat-butik","7":"pa_color-czarny","8":"pa_color-srebrny","9":"pa_painting-size-100x100","10":"pa_painting-size-100x70","11":"pa_painting-size-100x80","12":"pa_painting-size-50x40","13":"pa_painting-size-50x50","14":"pa_painting-size-60x50","15":"pa_painting-size-60x70","16":"pa_painting-size-70x50","17":"pa_painting-size-80x60","19":"first","20":"instock","21":"taxable","22":"shipping-taxable","23":"purchasable","24":"product-type-variable","25":"has-default-attributes"},"acf":[],"_links":{"self":[{"href":"https:\/\/magdalenagalecka.com\/pl\/wp-json\/wp\/v2\/product\/11245","targetHints":{"allow":["GET"]}}],"collection":[{"href":"https:\/\/magdalenagalecka.com\/pl\/wp-json\/wp\/v2\/product"}],"about":[{"href":"https:\/\/magdalenagalecka.com\/pl\/wp-json\/wp\/v2\/types\/product"}],"replies":[{"embeddable":true,"href":"https:\/\/magdalenagalecka.com\/pl\/wp-json\/wp\/v2\/comments?post=11245"}],"version-history":[{"count":3,"href":"https:\/\/magdalenagalecka.com\/pl\/wp-json\/wp\/v2\/product\/11245\/revisions"}],"predecessor-version":[{"id":17263,"href":"https:\/\/magdalenagalecka.com\/pl\/wp-json\/wp\/v2\/product\/11245\/revisions\/17263"}],"wp:featuredmedia":[{"embeddable":true,"href":"https:\/\/magdalenagalecka.com\/pl\/wp-json\/wp\/v2\/media\/16495"}],"wp:attachment":[{"href":"https:\/\/magdalenagalecka.com\/pl\/wp-json\/wp\/v2\/media?parent=11245"}],"wp:term":[{"taxonomy":"product_brand","embeddable":true,"href":"https:\/\/magdalenagalecka.com\/pl\/wp-json\/wp\/v2\/product_brand?post=11245"},{"taxonomy":"product_cat","embeddable":true,"href":"https:\/\/magdalenagalecka.com\/pl\/wp-json\/wp\/v2\/product_cat?post=11245"},{"taxonomy":"product_tag","embeddable":true,"href":"https:\/\/magdalenagalecka.com\/pl\/wp-json\/wp\/v2\/product_tag?post=11245"}],"curies":[{"name":"wp","href":"https:\/\/api.w.org\/{rel}","templated":true}]}}